{"id":3279,"date":"2025-07-28T20:44:57","date_gmt":"2025-07-28T20:44:57","guid":{"rendered":"https:\/\/musiqaa.es\/?page_id=3279"},"modified":"2025-08-12T19:16:10","modified_gmt":"2025-08-12T19:16:10","slug":"modulo-2","status":"publish","type":"page","link":"https:\/\/musiqaa.es\/en\/modulo-2\/","title":{"rendered":"m\u00f3dulo 2"},"content":{"rendered":"<div class='flex_column av-tzzqq6-9dcea8d4915208a4561e75c8bbc9697b av_one_full  avia-builder-el-0  el_before_av_heading  avia-builder-el-first  first flex_column_div'     ><\/div>\n\n<style type=\"text\/css\" data-created_by=\"avia_inline_auto\" id=\"style-css-av-mdncfgi6-9d3a4b5a43d5affff310162fb98ec6b1\">\n#top .av-special-heading.av-mdncfgi6-9d3a4b5a43d5affff310162fb98ec6b1{\npadding-bottom:10px;\n}\nbody .av-special-heading.av-mdncfgi6-9d3a4b5a43d5affff310162fb98ec6b1 .av-special-heading-tag .heading-char{\nfont-size:25px;\n}\n.av-special-heading.av-mdncfgi6-9d3a4b5a43d5affff310162fb98ec6b1 .av-subheading{\nfont-size:15px;\n}\n<\/style>\n<div  class='av-special-heading av-mdncfgi6-9d3a4b5a43d5affff310162fb98ec6b1 av-special-heading-h1 blockquote modern-quote modern-centered  avia-builder-el-1  el_after_av_one_full  el_before_av_one_full'><h1 class='av-special-heading-tag'  itemprop=\"headline\"  >Contenidos<\/h1><div class=\"special-heading-border\"><div class=\"special-heading-inner-border\"><\/div><\/div><\/div>\n<div class='flex_column av-sl4oim-525b0f72d40d29306e67ba442877a6b5 av_one_full  avia-builder-el-2  el_after_av_heading  el_before_av_textblock  first flex_column_div'     ><\/div>\n\n<style type=\"text\/css\" data-created_by=\"avia_inline_auto\" id=\"style-css-av-mdnczahe-061556ab475acbefa07cba5e925bfd9b\">\n#top .av_textblock_section.av-mdnczahe-061556ab475acbefa07cba5e925bfd9b .avia_textblock{\nfont-size:21px;\n}\n<\/style>\n<section  class='av_textblock_section av-mdnczahe-061556ab475acbefa07cba5e925bfd9b'  itemscope=\"itemscope\" itemtype=\"https:\/\/schema.org\/CreativeWork\" ><div class='avia_textblock'  itemprop=\"text\" ><p style=\"text-align: center;\"><em>El m\u00f3dulo tendr\u00e1 lugar los meses de enero, febrero y marzo a raz\u00f3n de 8 horas presenciales al mes en la sede de la Coral de C\u00e1mara de Pamplona y 6 horas online de seminarios en el trimestre.<\/em><\/p>\n<p style=\"text-align: center;\"><em>El alumnado ser\u00e1 atendiendo de forma individual y personalizada en fechas organizadas y consensuadas con el profesor.<\/em><\/p>\n<p style=\"text-align: center;\"><strong>Seminario de an\u00e1lisis II<br \/>\n<\/strong>14 de enero 10h online<br \/>\n<strong><br \/>\nSeminario de marketing musical II<br \/>\n<\/strong>4 de febrero 10h online<br \/>\n<strong><br \/>\nSeminario de comunicaci\u00f3n no verbal II<br \/>\n<\/strong>4 de marzo 10h online<\/p>\n<p style=\"text-align: center;\"><strong>Encuentro colectivo presencial m\u00f3dulo 2<br \/>\n<\/strong>30 de marzo<\/p>\n<\/div><\/section>\n<div class='flex_column av-qnu1f2-f1674ecf12cf396091c18b6eb1381e18 av_one_full  avia-builder-el-4  el_after_av_textblock  el_before_av_table  first flex_column_div column-top-margin'     ><\/div>\n<div  class='avia-table av-pc02oe-4eb0304ea5716768c692c3986e0bedf1 main_color avia-pricing-table-container avia_pricing_default  avia-builder-el-5  el_after_av_one_full  el_before_av_one_full  avia-table-1'  itemscope=\"itemscope\" itemtype=\"https:\/\/schema.org\/Table\" ><div class=\"pricing-table-wrap\"><ul class='pricing-table avia-center-col'><li class='avia-heading-row'><div class='first-table-item'>mec\u00e1nica de la direcci\u00f3n<\/div><span class='pricing-extra'><\/span><\/li><li class=''>clases colectivas e individuales<\/li><li class='avia-heading-row'>pr\u00e1cticas con diferentes focos sonoros<\/li><li class=''>piano y ensemble vocal<\/li><li class='avia-heading-row'>creaci\u00f3n del sonido y afinaci\u00f3n coral<\/li><li class=''>praxis coral<\/li><li class='avia-heading-row'>repertorio<\/li><li class=''>construcci\u00f3n del repertorio aplicado a los focos sonoros<\/li><li class='avia-heading-row'>seminario 1 | online<\/li><li class=''>seminario de marketing musical aplicado II<\/li><li class='avia-heading-row'>seminario 2 | online<\/li><li class=''>comunicaci\u00f3n no verbal II<\/li><li class='avia-heading-row'>seminario 3 | online<\/li><li class=''>an\u00e1lisis aplicado al repertorio coral II<\/li><\/ul><\/div><\/div>\n<div class='flex_column av-20ogby-a74f1a818989206d9f5a3eed1fa65108 av_one_full  avia-builder-el-6  el_after_av_table  el_before_av_button  first flex_column_div'     ><\/div>\n<div  class='avia-button-wrap av-mdnkmsyh-9c6af87b679becb268e54fd2298bf127-wrap avia-button-center  avia-builder-el-7  el_after_av_one_full  el_before_av_one_full' >\n<style type=\"text\/css\" data-created_by=\"avia_inline_auto\" id=\"style-css-av-mdnkmsyh-9c6af87b679becb268e54fd2298bf127\">\n#top #wrap_all .avia-button.av-mdnkmsyh-9c6af87b679becb268e54fd2298bf127:hover{\nbackground-color:white;\ncolor:white;\n-webkit-transition:all 0.4s ease-in-out;\n-moz-transition:all 0.4s ease-in-out;\n-ms-transition:all 0.4s ease-in-out;\n-o-transition:all 0.4s ease-in-out;\ntransition:all 0.4s ease-in-out;\n}\n<\/style>\n<a href='https:\/\/musiqaa.es\/en\/escuela-direccion-coro-navarra\/'  class='avia-button av-mdnkmsyh-9c6af87b679becb268e54fd2298bf127 avia-icon_select-no avia-size-small avia-position-center avia-color-white avia-font-color-white' ><span class='avia_iconbox_title' >back<\/span><\/a><\/div>\n<div class='flex_column av-3xldlq-15d600ab5acbbdc1488aeb919902376b av_one_full  avia-builder-el-8  el_after_av_button  el_before_av_one_full  first flex_column_div'     ><\/div>\n<div class='flex_column av-27h0ce-b5077159b5d2b23a2e48bdfb27304def av_one_full  avia-builder-el-9  el_after_av_one_full  avia-builder-el-last  first flex_column_div column-top-margin'     ><\/div>","protected":false},"excerpt":{"rendered":"","protected":false},"author":2,"featured_media":3312,"parent":0,"menu_order":0,"comment_status":"closed","ping_status":"closed","template":"","meta":{"footnotes":""},"class_list":["post-3279","page","type-page","status-publish","has-post-thumbnail","hentry"],"yoast_head":"<!-- This site is optimized with the Yoast SEO plugin v23.7 - https:\/\/yoast.com\/wordpress\/plugins\/seo\/ -->\n<title>m\u00f3dulo 2 - | musiqaa |<\/title>\n<meta name=\"robots\" content=\"index, follow, max-snippet:-1, max-image-preview:large, max-video-preview:-1\" \/>\n<link rel=\"canonical\" href=\"https:\/\/musiqaa.es\/en\/modulo-2\/\" \/>\n<meta property=\"og:locale\" content=\"en_GB\" \/>\n<meta property=\"og:type\" content=\"article\" \/>\n<meta property=\"og:title\" content=\"m\u00f3dulo 2 - | musiqaa |\" \/>\n<meta property=\"og:url\" content=\"https:\/\/musiqaa.es\/en\/modulo-2\/\" \/>\n<meta property=\"og:site_name\" content=\"| musiqaa |\" \/>\n<meta property=\"article:modified_time\" content=\"2025-08-12T19:16:10+00:00\" \/>\n<meta property=\"og:image\" content=\"https:\/\/musiqaa.es\/wp-content\/uploads\/2025\/07\/15-1.png\" \/>\n\t<meta property=\"og:image:width\" content=\"500\" \/>\n\t<meta property=\"og:image:height\" content=\"500\" \/>\n\t<meta property=\"og:image:type\" content=\"image\/png\" \/>\n<meta name=\"twitter:card\" content=\"summary_large_image\" \/>\n<meta name=\"twitter:label1\" content=\"Estimated reading time\" \/>\n\t<meta name=\"twitter:data1\" content=\"5 minutes\" \/>\n<script type=\"application\/ld+json\" class=\"yoast-schema-graph\">{\"@context\":\"https:\/\/schema.org\",\"@graph\":[{\"@type\":\"WebPage\",\"@id\":\"https:\/\/musiqaa.es\/modulo-2\/\",\"url\":\"https:\/\/musiqaa.es\/modulo-2\/\",\"name\":\"m\u00f3dulo 2 - | musiqaa |\",\"isPartOf\":{\"@id\":\"https:\/\/musiqaa.es\/#website\"},\"primaryImageOfPage\":{\"@id\":\"https:\/\/musiqaa.es\/modulo-2\/#primaryimage\"},\"image\":{\"@id\":\"https:\/\/musiqaa.es\/modulo-2\/#primaryimage\"},\"thumbnailUrl\":\"https:\/\/musiqaa.es\/wp-content\/uploads\/2025\/07\/Diseno-sin-titulo-2-3.png\",\"datePublished\":\"2025-07-28T20:44:57+00:00\",\"dateModified\":\"2025-08-12T19:16:10+00:00\",\"breadcrumb\":{\"@id\":\"https:\/\/musiqaa.es\/modulo-2\/#breadcrumb\"},\"inLanguage\":\"en-GB\",\"potentialAction\":[{\"@type\":\"ReadAction\",\"target\":[\"https:\/\/musiqaa.es\/modulo-2\/\"]}]},{\"@type\":\"ImageObject\",\"inLanguage\":\"en-GB\",\"@id\":\"https:\/\/musiqaa.es\/modulo-2\/#primaryimage\",\"url\":\"https:\/\/musiqaa.es\/wp-content\/uploads\/2025\/07\/Diseno-sin-titulo-2-3.png\",\"contentUrl\":\"https:\/\/musiqaa.es\/wp-content\/uploads\/2025\/07\/Diseno-sin-titulo-2-3.png\",\"width\":500,\"height\":500},{\"@type\":\"BreadcrumbList\",\"@id\":\"https:\/\/musiqaa.es\/modulo-2\/#breadcrumb\",\"itemListElement\":[{\"@type\":\"ListItem\",\"position\":1,\"name\":\"Portada\",\"item\":\"https:\/\/musiqaa.es\/\"},{\"@type\":\"ListItem\",\"position\":2,\"name\":\"m\u00f3dulo 2\"}]},{\"@type\":\"WebSite\",\"@id\":\"https:\/\/musiqaa.es\/#website\",\"url\":\"https:\/\/musiqaa.es\/\",\"name\":\"| musiqaa |\",\"description\":\"\",\"potentialAction\":[{\"@type\":\"SearchAction\",\"target\":{\"@type\":\"EntryPoint\",\"urlTemplate\":\"https:\/\/musiqaa.es\/?s={search_term_string}\"},\"query-input\":{\"@type\":\"PropertyValueSpecification\",\"valueRequired\":true,\"valueName\":\"search_term_string\"}}],\"inLanguage\":\"en-GB\"}]}<\/script>\n<!-- \/ Yoast SEO plugin. -->","yoast_head_json":{"title":"m\u00f3dulo 2 - | musiqaa |","robots":{"index":"index","follow":"follow","max-snippet":"max-snippet:-1","max-image-preview":"max-image-preview:large","max-video-preview":"max-video-preview:-1"},"canonical":"https:\/\/musiqaa.es\/en\/modulo-2\/","og_locale":"en_GB","og_type":"article","og_title":"m\u00f3dulo 2 - | musiqaa |","og_url":"https:\/\/musiqaa.es\/en\/modulo-2\/","og_site_name":"| musiqaa |","article_modified_time":"2025-08-12T19:16:10+00:00","og_image":[{"width":500,"height":500,"url":"https:\/\/musiqaa.es\/wp-content\/uploads\/2025\/07\/15-1.png","type":"image\/png"}],"twitter_card":"summary_large_image","twitter_misc":{"Estimated reading time":"5 minutes"},"schema":{"@context":"https:\/\/schema.org","@graph":[{"@type":"WebPage","@id":"https:\/\/musiqaa.es\/modulo-2\/","url":"https:\/\/musiqaa.es\/modulo-2\/","name":"m\u00f3dulo 2 - | musiqaa |","isPartOf":{"@id":"https:\/\/musiqaa.es\/#website"},"primaryImageOfPage":{"@id":"https:\/\/musiqaa.es\/modulo-2\/#primaryimage"},"image":{"@id":"https:\/\/musiqaa.es\/modulo-2\/#primaryimage"},"thumbnailUrl":"https:\/\/musiqaa.es\/wp-content\/uploads\/2025\/07\/Diseno-sin-titulo-2-3.png","datePublished":"2025-07-28T20:44:57+00:00","dateModified":"2025-08-12T19:16:10+00:00","breadcrumb":{"@id":"https:\/\/musiqaa.es\/modulo-2\/#breadcrumb"},"inLanguage":"en-GB","potentialAction":[{"@type":"ReadAction","target":["https:\/\/musiqaa.es\/modulo-2\/"]}]},{"@type":"ImageObject","inLanguage":"en-GB","@id":"https:\/\/musiqaa.es\/modulo-2\/#primaryimage","url":"https:\/\/musiqaa.es\/wp-content\/uploads\/2025\/07\/Diseno-sin-titulo-2-3.png","contentUrl":"https:\/\/musiqaa.es\/wp-content\/uploads\/2025\/07\/Diseno-sin-titulo-2-3.png","width":500,"height":500},{"@type":"BreadcrumbList","@id":"https:\/\/musiqaa.es\/modulo-2\/#breadcrumb","itemListElement":[{"@type":"ListItem","position":1,"name":"Portada","item":"https:\/\/musiqaa.es\/"},{"@type":"ListItem","position":2,"name":"m\u00f3dulo 2"}]},{"@type":"WebSite","@id":"https:\/\/musiqaa.es\/#website","url":"https:\/\/musiqaa.es\/","name":"| musiqaa |","description":"","potentialAction":[{"@type":"SearchAction","target":{"@type":"EntryPoint","urlTemplate":"https:\/\/musiqaa.es\/?s={search_term_string}"},"query-input":{"@type":"PropertyValueSpecification","valueRequired":true,"valueName":"search_term_string"}}],"inLanguage":"en-GB"}]}},"_links":{"self":[{"href":"https:\/\/musiqaa.es\/en\/wp-json\/wp\/v2\/pages\/3279","targetHints":{"allow":["GET"]}}],"collection":[{"href":"https:\/\/musiqaa.es\/en\/wp-json\/wp\/v2\/pages"}],"about":[{"href":"https:\/\/musiqaa.es\/en\/wp-json\/wp\/v2\/types\/page"}],"author":[{"embeddable":true,"href":"https:\/\/musiqaa.es\/en\/wp-json\/wp\/v2\/users\/2"}],"replies":[{"embeddable":true,"href":"https:\/\/musiqaa.es\/en\/wp-json\/wp\/v2\/comments?post=3279"}],"version-history":[{"count":9,"href":"https:\/\/musiqaa.es\/en\/wp-json\/wp\/v2\/pages\/3279\/revisions"}],"predecessor-version":[{"id":3369,"href":"https:\/\/musiqaa.es\/en\/wp-json\/wp\/v2\/pages\/3279\/revisions\/3369"}],"wp:featuredmedia":[{"embeddable":true,"href":"https:\/\/musiqaa.es\/en\/wp-json\/wp\/v2\/media\/3312"}],"wp:attachment":[{"href":"https:\/\/musiqaa.es\/en\/wp-json\/wp\/v2\/media?parent=3279"}],"curies":[{"name":"wp","href":"https:\/\/api.w.org\/{rel}","templated":true}]}}