{"id":3013,"date":"2025-05-16T09:34:36","date_gmt":"2025-05-16T09:34:36","guid":{"rendered":"https:\/\/musiqaa.es\/?page_id=3013"},"modified":"2025-08-14T17:18:37","modified_gmt":"2025-08-14T17:18:37","slug":"david-galvez-pintado","status":"publish","type":"page","link":"https:\/\/musiqaa.es\/en\/david-galvez-pintado\/","title":{"rendered":"David G\u00e1lvez Pintado"},"content":{"rendered":"<div class='flex_column av-wz1od-6daf46efd4c59f223d5c617be4a04414 av_one_full  avia-builder-el-0  el_before_av_heading  avia-builder-el-first  first flex_column_div'     ><\/div>\n\n<style type=\"text\/css\" data-created_by=\"avia_inline_auto\" id=\"style-css-av-m9n837c3-894fb59f800b1476bfde96bde3eaf3b6\">\n#top .av-special-heading.av-m9n837c3-894fb59f800b1476bfde96bde3eaf3b6{\npadding-bottom:10px;\n}\nbody .av-special-heading.av-m9n837c3-894fb59f800b1476bfde96bde3eaf3b6 .av-special-heading-tag .heading-char{\nfont-size:25px;\n}\n.av-special-heading.av-m9n837c3-894fb59f800b1476bfde96bde3eaf3b6 .av-subheading{\nfont-size:15px;\n}\n<\/style>\n<div  class='av-special-heading av-m9n837c3-894fb59f800b1476bfde96bde3eaf3b6 av-special-heading-h2 blockquote modern-quote modern-centered  avia-builder-el-1  el_after_av_one_full  el_before_av_one_full'><h2 class='av-special-heading-tag'  itemprop=\"headline\"  >David G\u00e1lvez Pintado<\/h2><div class='av-subheading av-subheading_below'><p>Direcci\u00f3n de Coro<\/p>\n<\/div><div class=\"special-heading-border\"><div class=\"special-heading-inner-border\"><\/div><\/div><\/div>\n<div class='flex_column av-7eo41p-571280a8fa86ea525b1c8c961a877b41 av_one_full  avia-builder-el-2  el_after_av_heading  el_before_av_one_full  first flex_column_div'     ><\/div>\n<div class='flex_column av-622xd9-961537730ad62580773a69650995e3d9 av_one_full  avia-builder-el-3  el_after_av_one_full  el_before_av_textblock  first flex_column_div column-top-margin'     ><\/div>\n\n<style type=\"text\/css\" data-created_by=\"avia_inline_auto\" id=\"style-css-av-m9n841z1-6c9122ddfb3c3c84c1340d1ce4d81c41\">\n#top .av_textblock_section.av-m9n841z1-6c9122ddfb3c3c84c1340d1ce4d81c41 .avia_textblock{\nfont-size:19px;\n}\n<\/style>\n<section  class='av_textblock_section av-m9n841z1-6c9122ddfb3c3c84c1340d1ce4d81c41'  itemscope=\"itemscope\" itemtype=\"https:\/\/schema.org\/CreativeWork\" ><div class='avia_textblock'  itemprop=\"text\" ><p><strong>HISTORIAL ACAD\u00c9MICO<\/strong><\/p>\n<p>Nace en Valencia en 1974 donde finaliza con \u00e9xito sus estudios superiores de Solfeo, Piano, Direcci\u00f3n de Coro y Composici\u00f3n, para m\u00e1s tarde trasladarse a la Liszt Ferenc Zeneakad\u00e9mia de Budapest. All\u00ed, junto a \u00c9va Koll\u00e1r, Judit Hajty\u00e1ny, Istv\u00e1n Parkai, Gyula Fekete y Tam\u00e1s G\u00e1l se diploma las especialidades de Direcci\u00f3n de Coro, Orquesta y Composici\u00f3n. Como complemento a sus estudios ha asistido numerosos cursos de perfeccionamiento destacando los realizados junto a Simon Carrington, J\u00e1nos Czifra o Wolfram Rieger<\/p>\n<p><strong>EXPERIENCIA<\/strong><\/p>\n<p>Entre sus galardones destacan el <b>Premio del F\u00f3rum Nacional de M\u00fasicos H\u00fangaros <\/b>por la mejor Interpretaci\u00f3n de M\u00fasica Contempor\u00e1nea H\u00fangara en 2001, el <b>Primer Premio \u00abPremis<\/b> <b>Catalu\u00f1a de Composici\u00f3 Coral\u00bb <\/b>en 2006, el <b>Acc\u00e9sit Primer Premio \u00abPremis Catalunya de<\/b> <b>Composici\u00f3 Coral\u00bb <\/b>tambi\u00e9n en 2006 y el reconocimiento art\u00edstico como compositor durante 2007 del <b>Ministerio de Cultura\/INAEM<\/b><b>.<span class=\"Apple-converted-space\">\u00a0<\/span><\/b><b><\/b><\/p>\n<p>Como director, en todas sus facetas (principal, invitado o maestro de coro) ha trabajado con diferentes coros, grupos instrumentales y orquestas nacionales e internacionales tales como <i>Monteverdi Kammerkoor Utrecht, Accademia Bizantina, Budapesti Monteverdi K\u00f3rus, Ensemble Korona, Ensemble Meridi\u00e9n, Ferenc Liszt Zeneakademia K\u00f3rus, Edward Sa\u00efd National Conservatory Orchestra, Orquesta y Coro Filarm\u00f3nicos de Transilvania, Orquesta y Coro Filarm\u00f3nicos de Honduras, Joven Orquesta y Coro de Centroam\u00e9rica, Orchestre Philharmonique du Maroc,<\/i> <i>Orquesta Sinf\u00f3nica de Navarra, Orfe\u00f3 Universitari de Val\u00e8ncia,<\/i> etc. y ha colaborado y colabora con colegas de la talla de <b>Simon Carrington, Jos\u00e9 Antonio L\u00f3pez, Rinaldo Zhok, Naiara Ega\u00f1a, Gemma Coma-Alabert, Wilko Brouwers, \u00c9va Koll\u00e1r, Werner Pfaff, Ottavio Dantone, Juan de la Rubia, Jes\u00fas Salvador \u201cChapi\u201d,<span class=\"Apple-converted-space\">\u00a0<\/span><\/b><\/p>\n<p>Participa activamente de la actividad coral europea como jurado en cert\u00e1menes, profesor de direcci\u00f3n coral y director invitado en numerosos concursos, simposios y conferencias en toda Europa: <i>XXII Bart\u00f3k Festival <\/i>en Debrecen (Hungr\u00eda) 2006, Festival Baroque de <i>Tangier et<\/i> <i>Tetouan <\/i>(Marruecos) en 2006 y 2007, <i>Semanas de M\u00fasica y Cooperaci\u00f3n <\/i>de la Diputaci\u00f3n de Valencia (Espa\u00f1a) en 2008<i>, XVI Festival Internacional de M\u00fasica de la Mancha <\/i>(Espa\u00f1a) en 2009, <i>II Internacional Choral Festival en Lima <\/i>(Per\u00fa) en 2007, <i>I Festival Internacional de M\u00fasica de la<\/i> <i>Universidad de San Marcos <\/i>(Per\u00fa) en 2010, VI Europa Cantat International Competition for Young Conductors en 2011, <i>Certamen Coral Internacional Fira de Tots Sants <\/i>en 2013 y numerosos concursos y cert\u00e1menes de composici\u00f3n y direcci\u00f3n coral organizados por federaciones nacionales<\/p>\n<p>Ha impartido cursos de direcci\u00f3n coral y clases magistrales en la Academia Franz Liszt de Budapest y ha sido el responsable de diferentes talleres corales y orquestales en Espa\u00f1a y fuera de ella. Ha sido contratado como maestro de coro por el Palau de Les Arts Reina Sof\u00eda de Valencia para el estreno absoluto de <i>\u201cPhilistaei a Jonatha dispersi \u201d<\/i> de <b>Mart\u00edn y Soler<\/b> con motivo de la inauguraci\u00f3n del Teatro del mismo nombre del Palau de Les Arts, para la Producci\u00f3n del Metropolitan de New York <i>\u201cIphig\u00e9nie en Tauride\u201d<\/i> junto a <b>Pl\u00e1cido Domingo<\/b> y <b>Patrick Fourniller<\/b> y la producci\u00f3n del Centro de perfeccionamiento Pl\u00e1cido Domingo <i>\u201cL\u00b4Italiana in Algeri\u201d<\/i> junto a <b>Alberto Zedda<\/b>, entre otros.<\/p>\n<p>Como compositor posee amplia experiencia, principalmente en el \u00e1mbito de la m\u00fasica coral. Su obra <b>\u201cVariations sur L\u00b4Homme arm\u00e9\u00bb <\/b>fue encargada para la clausura del III Monteverdi Festival. Sus obras \u201c<b>Clara i la bicicleta blava\u201d y \u201cLa nit p\u00e0l.lida\u201d <\/b>han sido galardonadas con el Primer Premio de los Premios \u201cCatalu\u00f1a\u201d de Composici\u00f3n Coral 2006 y el acc\u00e9sit respectivamente. Su <b>\u201cObertura Concertante para guitarra y orquesta\u201d <\/b>fue galardonada por el Ministerio de Cultura\/INAEM 2007, logrando el reconocimiento del Ministerio de Cultura como compositor. Su \u00f3pera <b>\u201cEl Guardainfante\u201d <\/b>se estren\u00f3 en octubre de 2010 en el Auditorio Manuel de Falla de Asunci\u00f3n (Paraguay) y sigui\u00f3 con su estreno en Espa\u00f1a en el Teatro Mart\u00edn y Soler del Palau de Les Arts \u201cReina Sof\u00eda en 2011\u201d. Sus obras han sido representadas en las mejores salas de conciertos de Europa y fuera de ella (<b><i>Carnegie Hall de Nueva York, Chicago People\u00b4s Music<\/i><\/b> <b><i>School, Sal\u00f3n Grande Centro Cultural San Marcos de Lima, Teatro Nacional de Panam\u00e1,<\/i><\/b> <b>Sala Filarm\u00f3nica de Kiev, <\/b><b><i>Palau de la M\u00fasica de Valencia, Palau de Les Arts \u201cReina Sof\u00eda\u201d<\/i><\/b>, etc.)<\/p>\n<p><strong>PRIMERA COLUMNA<\/strong><\/p>\n<p>Es director pr\u00e1cticamente en exclusividad de la Coral de C\u00e1mara de Pamplona desde 2013 junto a los cuales ha cosechado grandes \u00e9xitos que fueron reconocidos con el Premio Pr\u00edncipe de Viana de la Cultura en 2018. Como Director Art\u00edstico y Musical de la entidad es responsable de su trayectoria y prestigio destacando la labor realizada en la recuperaci\u00f3n de m\u00fasica espa\u00f1ola coral e incluso autores del S. XX, encargos y\/o estrenos absolutos y las rompedoras y reconocidas propuestas esc\u00e9nico-corales junto al director esc\u00e9nico Tom\u00e1s Mu\u00f1oz.<\/p>\n<p>Junto a la entidad pamplonesa ha estado y est\u00e1 en permanente contacto y colaboraci\u00f3n con una pl\u00e9yade de artistas y agrupaciones de primer nivel y prestigio tales como Nuria Rial, Mark Padmore, Leonardo Garc\u00eda Alarc\u00f3n, Eduardo Eg\u00fces, Mar\u00eda Bayo, Tom\u00e1s Marco, Teresa Catal\u00e1n, Agust\u00edn Gonz\u00e1lez Acilu o Led Silhouette<\/p>\n<\/div><\/section>\n<div class='flex_column av-3ti4ct-e41bfa8bcd696038e0c35c665d13b2cd av_one_full  avia-builder-el-5  el_after_av_textblock  el_before_av_button  first flex_column_div column-top-margin'     ><\/div>\n<div  class='avia-button-wrap av-m9n84ei5-09d0e27520d9cc47063e1a6e49147489-wrap avia-button-center  avia-builder-el-6  el_after_av_one_full  el_before_av_one_full' ><a href='https:\/\/musiqaa.es\/en\/coro-baleares\/'  class='avia-button av-m9n84ei5-09d0e27520d9cc47063e1a6e49147489 avia-icon_select-no avia-size-small avia-position-center avia-color-theme-color' ><span class='avia_iconbox_title' >back<\/span><\/a><\/div>\n<div class='flex_column av-2rwli5-c4b465bc7e2b10a8183d344ef1fc8c8f av_one_full  avia-builder-el-7  el_after_av_button  avia-builder-el-last  first flex_column_div'     ><\/div>","protected":false},"excerpt":{"rendered":"","protected":false},"author":2,"featured_media":3025,"parent":0,"menu_order":0,"comment_status":"closed","ping_status":"closed","template":"","meta":{"footnotes":""},"class_list":["post-3013","page","type-page","status-publish","has-post-thumbnail","hentry"],"yoast_head":"<!-- This site is optimized with the Yoast SEO plugin v23.7 - https:\/\/yoast.com\/wordpress\/plugins\/seo\/ -->\n<title>David G\u00e1lvez Pintado - | musiqaa |<\/title>\n<meta name=\"robots\" content=\"index, follow, max-snippet:-1, max-image-preview:large, max-video-preview:-1\" \/>\n<link rel=\"canonical\" href=\"https:\/\/musiqaa.es\/en\/david-galvez-pintado\/\" \/>\n<meta property=\"og:locale\" content=\"en_GB\" \/>\n<meta property=\"og:type\" content=\"article\" \/>\n<meta property=\"og:title\" content=\"David G\u00e1lvez Pintado - | musiqaa |\" \/>\n<meta property=\"og:url\" content=\"https:\/\/musiqaa.es\/en\/david-galvez-pintado\/\" \/>\n<meta property=\"og:site_name\" content=\"| musiqaa |\" \/>\n<meta property=\"article:modified_time\" content=\"2025-08-14T17:18:37+00:00\" \/>\n<meta property=\"og:image\" content=\"https:\/\/musiqaa.es\/wp-content\/uploads\/2025\/05\/Coral-Alta-Resolucion-67-1-1.jpg\" \/>\n\t<meta property=\"og:image:width\" content=\"1920\" \/>\n\t<meta property=\"og:image:height\" content=\"723\" \/>\n\t<meta property=\"og:image:type\" content=\"image\/jpeg\" \/>\n<meta name=\"twitter:card\" content=\"summary_large_image\" \/>\n<meta name=\"twitter:label1\" content=\"Estimated reading time\" \/>\n\t<meta name=\"twitter:data1\" content=\"7 minutes\" \/>\n<script type=\"application\/ld+json\" class=\"yoast-schema-graph\">{\"@context\":\"https:\/\/schema.org\",\"@graph\":[{\"@type\":\"WebPage\",\"@id\":\"https:\/\/musiqaa.es\/david-galvez-pintado\/\",\"url\":\"https:\/\/musiqaa.es\/david-galvez-pintado\/\",\"name\":\"David G\u00e1lvez Pintado - | musiqaa |\",\"isPartOf\":{\"@id\":\"https:\/\/musiqaa.es\/#website\"},\"primaryImageOfPage\":{\"@id\":\"https:\/\/musiqaa.es\/david-galvez-pintado\/#primaryimage\"},\"image\":{\"@id\":\"https:\/\/musiqaa.es\/david-galvez-pintado\/#primaryimage\"},\"thumbnailUrl\":\"https:\/\/musiqaa.es\/wp-content\/uploads\/2025\/05\/Coral-Alta-Resolucion-67-1-1.jpg\",\"datePublished\":\"2025-05-16T09:34:36+00:00\",\"dateModified\":\"2025-08-14T17:18:37+00:00\",\"breadcrumb\":{\"@id\":\"https:\/\/musiqaa.es\/david-galvez-pintado\/#breadcrumb\"},\"inLanguage\":\"en-GB\",\"potentialAction\":[{\"@type\":\"ReadAction\",\"target\":[\"https:\/\/musiqaa.es\/david-galvez-pintado\/\"]}]},{\"@type\":\"ImageObject\",\"inLanguage\":\"en-GB\",\"@id\":\"https:\/\/musiqaa.es\/david-galvez-pintado\/#primaryimage\",\"url\":\"https:\/\/musiqaa.es\/wp-content\/uploads\/2025\/05\/Coral-Alta-Resolucion-67-1-1.jpg\",\"contentUrl\":\"https:\/\/musiqaa.es\/wp-content\/uploads\/2025\/05\/Coral-Alta-Resolucion-67-1-1.jpg\",\"width\":1920,\"height\":723},{\"@type\":\"BreadcrumbList\",\"@id\":\"https:\/\/musiqaa.es\/david-galvez-pintado\/#breadcrumb\",\"itemListElement\":[{\"@type\":\"ListItem\",\"position\":1,\"name\":\"Portada\",\"item\":\"https:\/\/musiqaa.es\/\"},{\"@type\":\"ListItem\",\"position\":2,\"name\":\"David G\u00e1lvez Pintado\"}]},{\"@type\":\"WebSite\",\"@id\":\"https:\/\/musiqaa.es\/#website\",\"url\":\"https:\/\/musiqaa.es\/\",\"name\":\"| musiqaa |\",\"description\":\"\",\"potentialAction\":[{\"@type\":\"SearchAction\",\"target\":{\"@type\":\"EntryPoint\",\"urlTemplate\":\"https:\/\/musiqaa.es\/?s={search_term_string}\"},\"query-input\":{\"@type\":\"PropertyValueSpecification\",\"valueRequired\":true,\"valueName\":\"search_term_string\"}}],\"inLanguage\":\"en-GB\"}]}<\/script>\n<!-- \/ Yoast SEO plugin. -->","yoast_head_json":{"title":"David G\u00e1lvez Pintado - | musiqaa |","robots":{"index":"index","follow":"follow","max-snippet":"max-snippet:-1","max-image-preview":"max-image-preview:large","max-video-preview":"max-video-preview:-1"},"canonical":"https:\/\/musiqaa.es\/en\/david-galvez-pintado\/","og_locale":"en_GB","og_type":"article","og_title":"David G\u00e1lvez Pintado - | musiqaa |","og_url":"https:\/\/musiqaa.es\/en\/david-galvez-pintado\/","og_site_name":"| musiqaa |","article_modified_time":"2025-08-14T17:18:37+00:00","og_image":[{"width":1920,"height":723,"url":"https:\/\/musiqaa.es\/wp-content\/uploads\/2025\/05\/Coral-Alta-Resolucion-67-1-1.jpg","type":"image\/jpeg"}],"twitter_card":"summary_large_image","twitter_misc":{"Estimated reading time":"7 minutes"},"schema":{"@context":"https:\/\/schema.org","@graph":[{"@type":"WebPage","@id":"https:\/\/musiqaa.es\/david-galvez-pintado\/","url":"https:\/\/musiqaa.es\/david-galvez-pintado\/","name":"David G\u00e1lvez Pintado - | musiqaa |","isPartOf":{"@id":"https:\/\/musiqaa.es\/#website"},"primaryImageOfPage":{"@id":"https:\/\/musiqaa.es\/david-galvez-pintado\/#primaryimage"},"image":{"@id":"https:\/\/musiqaa.es\/david-galvez-pintado\/#primaryimage"},"thumbnailUrl":"https:\/\/musiqaa.es\/wp-content\/uploads\/2025\/05\/Coral-Alta-Resolucion-67-1-1.jpg","datePublished":"2025-05-16T09:34:36+00:00","dateModified":"2025-08-14T17:18:37+00:00","breadcrumb":{"@id":"https:\/\/musiqaa.es\/david-galvez-pintado\/#breadcrumb"},"inLanguage":"en-GB","potentialAction":[{"@type":"ReadAction","target":["https:\/\/musiqaa.es\/david-galvez-pintado\/"]}]},{"@type":"ImageObject","inLanguage":"en-GB","@id":"https:\/\/musiqaa.es\/david-galvez-pintado\/#primaryimage","url":"https:\/\/musiqaa.es\/wp-content\/uploads\/2025\/05\/Coral-Alta-Resolucion-67-1-1.jpg","contentUrl":"https:\/\/musiqaa.es\/wp-content\/uploads\/2025\/05\/Coral-Alta-Resolucion-67-1-1.jpg","width":1920,"height":723},{"@type":"BreadcrumbList","@id":"https:\/\/musiqaa.es\/david-galvez-pintado\/#breadcrumb","itemListElement":[{"@type":"ListItem","position":1,"name":"Portada","item":"https:\/\/musiqaa.es\/"},{"@type":"ListItem","position":2,"name":"David G\u00e1lvez Pintado"}]},{"@type":"WebSite","@id":"https:\/\/musiqaa.es\/#website","url":"https:\/\/musiqaa.es\/","name":"| musiqaa |","description":"","potentialAction":[{"@type":"SearchAction","target":{"@type":"EntryPoint","urlTemplate":"https:\/\/musiqaa.es\/?s={search_term_string}"},"query-input":{"@type":"PropertyValueSpecification","valueRequired":true,"valueName":"search_term_string"}}],"inLanguage":"en-GB"}]}},"_links":{"self":[{"href":"https:\/\/musiqaa.es\/en\/wp-json\/wp\/v2\/pages\/3013","targetHints":{"allow":["GET"]}}],"collection":[{"href":"https:\/\/musiqaa.es\/en\/wp-json\/wp\/v2\/pages"}],"about":[{"href":"https:\/\/musiqaa.es\/en\/wp-json\/wp\/v2\/types\/page"}],"author":[{"embeddable":true,"href":"https:\/\/musiqaa.es\/en\/wp-json\/wp\/v2\/users\/2"}],"replies":[{"embeddable":true,"href":"https:\/\/musiqaa.es\/en\/wp-json\/wp\/v2\/comments?post=3013"}],"version-history":[{"count":4,"href":"https:\/\/musiqaa.es\/en\/wp-json\/wp\/v2\/pages\/3013\/revisions"}],"predecessor-version":[{"id":3383,"href":"https:\/\/musiqaa.es\/en\/wp-json\/wp\/v2\/pages\/3013\/revisions\/3383"}],"wp:featuredmedia":[{"embeddable":true,"href":"https:\/\/musiqaa.es\/en\/wp-json\/wp\/v2\/media\/3025"}],"wp:attachment":[{"href":"https:\/\/musiqaa.es\/en\/wp-json\/wp\/v2\/media?parent=3013"}],"curies":[{"name":"wp","href":"https:\/\/api.w.org\/{rel}","templated":true}]}}