{"id":2764,"date":"2025-02-23T19:06:24","date_gmt":"2025-02-23T19:06:24","guid":{"rendered":"https:\/\/musiqaa.es\/?page_id=2764"},"modified":"2025-05-16T14:04:56","modified_gmt":"2025-05-16T14:04:56","slug":"coro-baleares","status":"publish","type":"page","link":"https:\/\/musiqaa.es\/en\/coro-baleares\/","title":{"rendered":"Grau Superior Direcci\u00f3 Cor Balears"},"content":{"rendered":"<div  class='hr av-43zzos-7c54c2e88072c0d40f358463fc3db80f hr-default  avia-builder-el-0  el_before_av_one_full  avia-builder-el-first'><span class='hr-inner'><span class=\"hr-inner-style\"><\/span><\/span><\/div>\n<div class='flex_column av-cf8gbw-f80840cde5c8d9197a1a94742ef55354 av_one_full  avia-builder-el-1  el_after_av_hr  el_before_av_one_full  first flex_column_div'     ><\/div>\n<div class='flex_column av-ayoy70-b75fa9772ac6d4721c36353516900b0c av_one_full  avia-builder-el-2  el_after_av_one_full  el_before_av_fullscreen  avia-builder-el-last  first flex_column_div column-top-margin'     ><\/div>\n<\/div><\/div><\/div><!-- close content main div --><\/div><\/div><div   class='avia-fullscreen-slider main_color   avia-builder-el-3  el_after_av_one_full  el_before_av_one_full  slider-not-first container_wrap fullsize'  ><div  class='avia-slideshow av-m7hzn31z-9c9c92273ab9b5cbbff649b2b0e2482a avia-slideshow-extra_large av_fullscreen avia-slide-slider av-slideshow-ui av-control-default av-slideshow-manual av-loop-once av-loop-manual-endless av-default-height-applied   avia-slideshow-1' data-slideshow-options=\"{&quot;animation&quot;:&quot;slide&quot;,&quot;autoplay&quot;:false,&quot;loop_autoplay&quot;:&quot;once&quot;,&quot;interval&quot;:5,&quot;loop_manual&quot;:&quot;manual-endless&quot;,&quot;autoplay_stopper&quot;:false,&quot;noNavigation&quot;:false,&quot;bg_slider&quot;:true,&quot;keep_padding&quot;:false,&quot;hoverpause&quot;:false,&quot;show_slide_delay&quot;:0,&quot;slide_height&quot;:&quot;100&quot;,&quot;image_attachment&quot;:&quot;&quot;}\"  itemprop=\"image\" itemscope=\"itemscope\" itemtype=\"https:\/\/schema.org\/ImageObject\" ><ul class='avia-slideshow-inner' style='padding-bottom: 66.69921875%;'><li style='background-position:center center;' data-img-url='https:\/\/musiqaa.es\/wp-content\/uploads\/2025\/05\/IMG_6517.jpeg' class='avia-slideshow-slide av-m7hzn31z-9c9c92273ab9b5cbbff649b2b0e2482a__0  av-single-slide slide-1 slide-odd'><div data-rel='slideshow-1' class='avia-slide-wrap'   ><\/div><\/li><\/ul><\/div><\/div><div id='after_full_slider_1'  class='main_color av_default_container_wrap container_wrap fullsize'  ><div class='container av-section-cont-open' ><div class='template-page content  av-content-full alpha units'><div class='post-entry post-entry-type-page post-entry-2764'><div class='entry-content-wrapper clearfix'>\n<div class='flex_column av-7qx7m4-da7461251d44c22337d4705c63a88513 av_one_full  avia-builder-el-4  el_after_av_fullscreen  el_before_av_one_full  avia-builder-el-first  first flex_column_div'     ><\/div>\n<div class='flex_column av-44s2ho-fa143f360fa4a30a1ceff2316654f324 av_one_full  avia-builder-el-5  el_after_av_one_full  el_before_av_heading  first flex_column_div column-top-margin'     ><\/div>\n\n<style type=\"text\/css\" data-created_by=\"avia_inline_auto\" id=\"style-css-av-m7hznsp8-66c075c7b8601e5da96f0c8efe77caaa\">\n#top .av-special-heading.av-m7hznsp8-66c075c7b8601e5da96f0c8efe77caaa{\npadding-bottom:10px;\n}\nbody .av-special-heading.av-m7hznsp8-66c075c7b8601e5da96f0c8efe77caaa .av-special-heading-tag .heading-char{\nfont-size:25px;\n}\n.av-special-heading.av-m7hznsp8-66c075c7b8601e5da96f0c8efe77caaa .av-subheading{\nfont-size:15px;\n}\n<\/style>\n<div  class='av-special-heading av-m7hznsp8-66c075c7b8601e5da96f0c8efe77caaa av-special-heading-h2 blockquote modern-quote modern-centered  avia-builder-el-6  el_after_av_one_full  el_before_av_one_full'><h2 class='av-special-heading-tag'  itemprop=\"headline\"  >Sessi\u00f3 informativa <\/h2><div class='av-subheading av-subheading_below'><p>Grau Superior Direcci\u00f3 Cor Balears<\/p>\n<\/div><div class=\"special-heading-border\"><div class=\"special-heading-inner-border\"><\/div><\/div><\/div>\n<div class='flex_column av-65rt98-316de2fef67109a4261138ed08c33b51 av_one_full  avia-builder-el-7  el_after_av_heading  el_before_av_one_full  first flex_column_div'     ><\/div>\n<div class='flex_column av-2o9ung-b62eb746c6ea8e83de927eb30045e1b0 av_one_full  avia-builder-el-8  el_after_av_one_full  el_before_av_one_full  first flex_column_div column-top-margin'     ><\/div>\n<div class='flex_column av-4mrkoc-bc61d43b0a6e96a177dd4e9097af9b30 av_one_full  avia-builder-el-9  el_after_av_one_full  el_before_av_one_full  first flex_column_div column-top-margin'     ><section  class='av_textblock_section av-22kdxo-2a155d6bbbaf505545c482838b7dd4dc'  itemscope=\"itemscope\" itemtype=\"https:\/\/schema.org\/CreativeWork\" ><div class='avia_textblock'  itemprop=\"text\" ><p>En <strong>| musiqaa |<\/strong> tenim tot preparat per a oferir-te la possibilitat que realitzis el Grau Superior en direcci\u00f3 a trav\u00e9s del <strong>Centre Superior de M\u00fasica de Gal\u00edcia (CSM)<\/strong>. El m\u00e9s important \u00e9s que pots fer-ho des del teu lloc de resid\u00e8ncia a trav\u00e9s de l&#8217;ordenaci\u00f3 de la nova llei educativa per a la creaci\u00f3 de <em>Campus de les Arts<\/em>.<\/p>\n<p>D&#8217;aquesta manera podr\u00e0s compatibilitzar el teu treball, els teus estudis i la teva vida personal amb les realitzaci\u00f3 del grau i poder accedir al <strong>T\u00edtol Superior en Direcci\u00f3<\/strong>. Tindrem una reuni\u00f3 informativa amb <strong>David G\u00e1lvez<\/strong>, professor de direcci\u00f3 de cor, en el seg\u00fcent horari:<\/p>\n<ul>\n<li>dissabte 24 de maig a les 10h<\/li>\n<\/ul>\n<p><strong>No perds res. Hi pots guanyar molt.<\/strong><\/p>\n<p><em>Joan Ballesteros<\/em><br \/>\n<em> director | musiqaa |<\/em><br \/>\n<em>coordinador CSM Galicia<\/em><\/p>\n<\/div><\/section><\/div><div class='flex_column av-3r1lkc-0c8839b274281785e9a6f3b2320ef508 av_one_full  avia-builder-el-11  el_after_av_one_full  el_before_av_slideshow_full  avia-builder-el-last  first flex_column_div column-top-margin'     ><\/div><\/p>\n<\/div><\/div><\/div><!-- close content main div --><\/div><\/div><div id='full_slider_1'  class='avia-fullwidth-slider main_color avia-shadow   avia-builder-el-12  el_after_av_one_full  el_before_av_one_full   slider-not-first container_wrap fullsize'  ><div  class='avia-slideshow av-maqlyw96-cad800ecbfc017f9144df1d3999e4112 avia-slideshow-featured av_slideshow_full avia-slide-slider av-slideshow-ui av-control-default av-slideshow-manual av-loop-once av-loop-manual-endless av-default-height-applied   avia-slideshow-2' data-slideshow-options=\"{&quot;animation&quot;:&quot;slide&quot;,&quot;autoplay&quot;:false,&quot;loop_autoplay&quot;:&quot;once&quot;,&quot;interval&quot;:5,&quot;loop_manual&quot;:&quot;manual-endless&quot;,&quot;autoplay_stopper&quot;:false,&quot;noNavigation&quot;:false,&quot;bg_slider&quot;:false,&quot;keep_padding&quot;:false,&quot;hoverpause&quot;:false,&quot;show_slide_delay&quot;:0}\"  itemprop=\"image\" itemscope=\"itemscope\" itemtype=\"https:\/\/schema.org\/ImageObject\" ><ul class='avia-slideshow-inner' style='padding-bottom: 28.666666666667%;'><li  class='avia-slideshow-slide av-maqlyw96-cad800ecbfc017f9144df1d3999e4112__0  av-single-slide slide-1 slide-odd'><div data-rel='slideshow-2' class='avia-slide-wrap'   ><img decoding=\"async\" class=\"wp-image-2342 avia-img-lazy-loading-not-2342\"  src=\"https:\/\/musiqaa.es\/wp-content\/uploads\/2025\/01\/o-2-1-1500x430.jpg\" width=\"1500\" height=\"430\" title='o-2' alt=''  itemprop=\"thumbnailUrl\"   \/><\/div><\/li><\/ul><\/div><\/div><div id='after_full_slider_1'  class='main_color av_default_container_wrap container_wrap fullsize'  ><div class='container av-section-cont-open' ><div class='template-page content  av-content-full alpha units'><div class='post-entry post-entry-type-page post-entry-2764'><div class='entry-content-wrapper clearfix'>\n<div class='flex_column av-ci0c0c-70b9eafb90b4e06f5598353fa3da079e av_one_full  avia-builder-el-13  el_after_av_slideshow_full  el_before_av_heading  avia-builder-el-first  first flex_column_div'     ><\/div>\n\n<style type=\"text\/css\" data-created_by=\"avia_inline_auto\" id=\"style-css-av-maqn27t5-9951d4b84d0ce85d24101d27a568e2db\">\n#top .av-special-heading.av-maqn27t5-9951d4b84d0ce85d24101d27a568e2db{\npadding-bottom:10px;\n}\nbody .av-special-heading.av-maqn27t5-9951d4b84d0ce85d24101d27a568e2db .av-special-heading-tag .heading-char{\nfont-size:25px;\n}\n.av-special-heading.av-maqn27t5-9951d4b84d0ce85d24101d27a568e2db .av-subheading{\nfont-size:15px;\n}\n<\/style>\n<div  class='av-special-heading av-maqn27t5-9951d4b84d0ce85d24101d27a568e2db av-special-heading-h2 blockquote modern-quote modern-centered  avia-builder-el-14  el_after_av_one_full  el_before_av_one_full'><h2 class='av-special-heading-tag'  itemprop=\"headline\"  >Sesi\u00f3n Informativa<\/h2><div class='av-subheading av-subheading_below'><p>Grado Superior Direcci\u00f3n Coro Baleares<\/p>\n<\/div><div class=\"special-heading-border\"><div class=\"special-heading-inner-border\"><\/div><\/div><\/div>\n<div class='flex_column av-4goyb0-3c379ffd7ad4a2e68b29add71437fb32 av_one_full  avia-builder-el-15  el_after_av_heading  el_before_av_one_full  first flex_column_div'     ><\/div>\n<div class='flex_column av-2d16r0-6290d2bc88a1b487cc58d579286f6c2b av_one_full  avia-builder-el-16  el_after_av_one_full  el_before_av_textblock  first flex_column_div column-top-margin'     ><\/div>\n<section  class='av_textblock_section av-m7hzq1cy-26db2ed1ef5066d71f09851e9643913e'  itemscope=\"itemscope\" itemtype=\"https:\/\/schema.org\/CreativeWork\" ><div class='avia_textblock'  itemprop=\"text\" ><p>En <strong>| musiqaa |<\/strong> tenemos todo preparado para ofrecerte la posibilidad de que realices el Grado Superior en Direcci\u00f3n a trav\u00e9s del <strong>Centro Superior de M\u00fasica de Galicia (CSM)<\/strong>. Lo m\u00e1s importante es que puedes hacerlo desde tu lugar de residencia a trav\u00e9s de la ordenaci\u00f3n de la nueva ley educativa para la creaci\u00f3n de <em>Campus de las Artes.<\/em><\/p>\n<p>De este modo vas a poder compatibilizar tu trabajo, tus estudios y tu vida personal con las realizaci\u00f3n del grado y poder acceder al <strong>T\u00edtulo Superior en Direcci\u00f3n<\/strong>. Tendremos una reuni\u00f3n informativa con <strong>David G\u00e1lvez<\/strong>, profesor de direcci\u00f3n de coro, en el siguiente horario:<\/p>\n<ul>\n<li>s\u00e1bado 24 de mayo a las 10h<\/li>\n<\/ul>\n<p><strong>No pierdes nada. Puedes ganar mucho.<\/strong><\/p>\n<p><em>Joan Ballesteros<\/em><br \/>\n<em> director | musiqaa |<\/em><br \/>\n<em>coordinador CSM Galicia<\/em><\/p>\n<\/div><\/section>\n<div class='flex_column av-bg1y70-5c511adb5ab705496da7fa55c19a5a61 av_one_full  avia-builder-el-18  el_after_av_textblock  el_before_av_one_fifth  first flex_column_div column-top-margin'     ><\/div>\n<div class='flex_column av-9eqf1o-595550a85b5a650986e629614b8f1693 av_one_fifth  avia-builder-el-19  el_after_av_one_full  el_before_av_three_fifth  first flex_column_div column-top-margin'     ><\/div>\n<div class='flex_column av-7qdx64-16d0157f1c57948d5de58a1cc5f2d4a8 av_three_fifth  avia-builder-el-20  el_after_av_one_fifth  el_before_av_one_fifth  flex_column_div column-top-margin'     ><p><section  class='avia-team-member av-maql73u3-9b796c64d9d7de6e60cb32dc4214b3b9  avia-builder-el-21  el_before_av_button  avia-builder-el-first'  itemscope=\"itemscope\" itemtype=\"https:\/\/schema.org\/Person\" ><div class=\"team-img-container\"><img decoding=\"async\" class='wp-image-2990 avia-img-lazy-loading-not-2990 avia_image avia_image_team' src=\"https:\/\/musiqaa.es\/wp-content\/uploads\/2025\/05\/4.png\" alt=''  itemprop=\"image\"   height=\"1080\" width=\"1080\" srcset=\"https:\/\/musiqaa.es\/wp-content\/uploads\/2025\/05\/4.png 1080w, https:\/\/musiqaa.es\/wp-content\/uploads\/2025\/05\/4-300x300.png 300w, https:\/\/musiqaa.es\/wp-content\/uploads\/2025\/05\/4-1030x1030.png 1030w, https:\/\/musiqaa.es\/wp-content\/uploads\/2025\/05\/4-80x80.png 80w, https:\/\/musiqaa.es\/wp-content\/uploads\/2025\/05\/4-768x768.png 768w, https:\/\/musiqaa.es\/wp-content\/uploads\/2025\/05\/4-12x12.png 12w, https:\/\/musiqaa.es\/wp-content\/uploads\/2025\/05\/4-36x36.png 36w, https:\/\/musiqaa.es\/wp-content\/uploads\/2025\/05\/4-180x180.png 180w, https:\/\/musiqaa.es\/wp-content\/uploads\/2025\/05\/4-705x705.png 705w\" sizes=\"(max-width: 1080px) 100vw, 1080px\" \/><\/div><span class='hidden team-member-affiliation'  itemprop=\"affiliation\" >| musiqaa |<\/span><\/section><br \/>\n<div  class='avia-button-wrap av-maqllged-be38e762b6932318ec1958911411e44f-wrap avia-button-center  avia-builder-el-22  el_after_av_team_member  avia-builder-el-last' ><a href='https:\/\/musiqaa.es\/en\/david-galvez-pintado\/'  class='avia-button av-maqllged-be38e762b6932318ec1958911411e44f avia-icon_select-no avia-size-large avia-position-center avia-color-theme-color' ><span class='avia_iconbox_title' >bio David<\/span><\/a><\/div><\/p><\/div>\n<div class='flex_column av-5iqzak-5ea65fc7f75327ada8ea6db4156301d7 av_one_fifth  avia-builder-el-23  el_after_av_three_fifth  el_before_av_one_full  flex_column_div column-top-margin'     ><\/div>\n<div class='flex_column av-3y7vek-2b516ab923b81f832cd3dceefaa5a4e2 av_one_full  avia-builder-el-24  el_after_av_one_fifth  el_before_av_one_full  first flex_column_div column-top-margin'     ><\/div>\n<div class='flex_column av-38c5qk-2ddc26817be897f127369833f8541348 av_one_full  avia-builder-el-25  el_after_av_one_full  el_before_av_contact  first flex_column_div column-top-margin'     ><\/div>\n<form action=\"\/en\/coro-baleares\/\" method=\"post\"  class=\"avia_ajax_form av-form-labels-visible   avia-builder-el-26  el_after_av_one_full  el_before_av_one_full  av-custom-form-color av-dark-form\" data-avia-form-id=\"1\" data-avia-redirect='' data-trp-original-action=\"https:\/\/musiqaa.es\/en\/coro-baleares\/\" ><fieldset><p class='first_form  form_element form_fullwidth' id='element_avia_1_1'><label for=\"avia_1_1\">nom complet\/nombre completo <abbr class=\"required\" title=\"required\">*<\/abbr><\/label> <input name=\"avia_1_1\" class=\"text_input is_empty\" type=\"text\" id=\"avia_1_1\" value=\"\" \/><\/p><p class='first_form  form_element form_fullwidth' id='element_avia_2_1'><label for=\"avia_2_1\">correo electr\u00f2nic\/correo electr\u00f3nico <abbr class=\"required\" title=\"required\">*<\/abbr><\/label> <input name=\"avia_2_1\" class=\"text_input is_email\" type=\"text\" id=\"avia_2_1\" value=\"\" \/><\/p><p class='first_form  form_element form_element_half' id='element_avia_3_1'><label for=\"avia_3_1\">tel\u00e8fon\/tel\u00e9fono <abbr class=\"required\" title=\"required\">*<\/abbr><\/label> <input name=\"avia_3_1\" class=\"text_input is_empty\" type=\"text\" id=\"avia_3_1\" value=\"\" \/><\/p><p class='form_element form_element_half' id='element_avia_4_1'><label for=\"avia_4_1\">illa\/isla <abbr class=\"required\" title=\"required\">*<\/abbr><\/label><select  name=\"avia_4_1\" class=\"select is_empty\" id=\"avia_4_1\"><option  value ='Mallorca'>Mallorca<\/option><option  value ='Menorca'>Menorca<\/option><option  value ='Eivissa'>Eivissa<\/option><option  value ='Formentera'>Formentera<\/option><\/select><\/p><p class=\"hidden\"><input type=\"text\" name=\"avia_5_1\" class=\"hidden\" id=\"avia_5_1\" value=\"\" \/><\/p><p class='form_element form_fullwidth' id='element_avia_6_1'><span class='value_verifier_label'>1 + 3 = ?<\/span><input name=\"avia_6_1_verifier\" type=\"hidden\" id=\"avia_6_1_verifier\" value=\"552724447\"\/><label for=\"avia_6_1\">Please prove that you are human by solving the equation <abbr class=\"required\" title=\"required\">*<\/abbr><\/label><input name=\"avia_6_1\" class=\"text_input captcha\" type=\"text\" id=\"avia_6_1\" value=\"\"\/><\/p><p class=\"form_element\"><input type=\"hidden\" value=\"1\" name=\"avia_generated_form1\" \/><input type=\"submit\" value=\"send\" class=\"button\"  data-sending-label=\"Sending\"\/><\/p><\/fieldset><input type=\"hidden\" name=\"trp-form-language\" value=\"en\"\/><\/form><div id=\"ajaxresponse_1\" class=\"ajaxresponse ajaxresponse_1 hidden\"><\/div>\n<div class='flex_column av-26lx4s-9d8f8a7cd15485d60ee93cf63697dfcd av_one_full  avia-builder-el-27  el_after_av_contact  el_before_av_one_full  first flex_column_div'     ><\/div>\n<div class='flex_column av-32ytv0-f8b33a4c84bedfb838deb04f1b5a17dc av_one_full  avia-builder-el-28  el_after_av_one_full  avia-builder-el-last  first flex_column_div column-top-margin'     ><\/div>","protected":false},"excerpt":{"rendered":"","protected":false},"author":2,"featured_media":2520,"parent":0,"menu_order":0,"comment_status":"closed","ping_status":"closed","template":"","meta":{"footnotes":""},"class_list":["post-2764","page","type-page","status-publish","has-post-thumbnail","hentry"],"yoast_head":"<!-- This site is optimized with the Yoast SEO plugin v23.7 - https:\/\/yoast.com\/wordpress\/plugins\/seo\/ -->\n<title>Grau Superior Direcci\u00f3 Cor Balears - | musiqaa |<\/title>\n<meta name=\"description\" content=\"Obt\u00e9 a Balears T\u00edtol Superior en Direcci\u00f3 de Cor al Centro Superior de M\u00fasica de Galicia mitjan\u00e7ant la col\u00b7laboraci\u00f3 de | musiqaa |\" \/>\n<meta name=\"robots\" content=\"index, follow, max-snippet:-1, max-image-preview:large, max-video-preview:-1\" \/>\n<link rel=\"canonical\" href=\"https:\/\/musiqaa.es\/en\/coro-baleares\/\" \/>\n<meta property=\"og:locale\" content=\"en_GB\" \/>\n<meta property=\"og:type\" content=\"article\" \/>\n<meta property=\"og:title\" content=\"Grau Superior Direcci\u00f3 Cor Balears - | musiqaa |\" \/>\n<meta property=\"og:description\" content=\"Obt\u00e9 a Balears T\u00edtol Superior en Direcci\u00f3 de Cor al Centro Superior de M\u00fasica de Galicia mitjan\u00e7ant la col\u00b7laboraci\u00f3 de | musiqaa |\" \/>\n<meta property=\"og:url\" content=\"https:\/\/musiqaa.es\/en\/coro-baleares\/\" \/>\n<meta property=\"og:site_name\" content=\"| musiqaa |\" \/>\n<meta property=\"article:modified_time\" content=\"2025-05-16T14:04:56+00:00\" \/>\n<meta property=\"og:image\" content=\"https:\/\/musiqaa.es\/wp-content\/uploads\/2025\/01\/1.jpg\" \/>\n\t<meta property=\"og:image:width\" content=\"1920\" \/>\n\t<meta property=\"og:image:height\" content=\"1080\" \/>\n\t<meta property=\"og:image:type\" content=\"image\/jpeg\" \/>\n<meta name=\"twitter:card\" content=\"summary_large_image\" \/>\n<meta name=\"twitter:label1\" content=\"Estimated reading time\" \/>\n\t<meta name=\"twitter:data1\" content=\"12 minutes\" \/>\n<script type=\"application\/ld+json\" class=\"yoast-schema-graph\">{\"@context\":\"https:\/\/schema.org\",\"@graph\":[{\"@type\":\"WebPage\",\"@id\":\"https:\/\/musiqaa.es\/coro-baleares\/\",\"url\":\"https:\/\/musiqaa.es\/coro-baleares\/\",\"name\":\"Grau Superior Direcci\u00f3 Cor Balears - | musiqaa |\",\"isPartOf\":{\"@id\":\"https:\/\/musiqaa.es\/#website\"},\"primaryImageOfPage\":{\"@id\":\"https:\/\/musiqaa.es\/coro-baleares\/#primaryimage\"},\"image\":{\"@id\":\"https:\/\/musiqaa.es\/coro-baleares\/#primaryimage\"},\"thumbnailUrl\":\"https:\/\/musiqaa.es\/wp-content\/uploads\/2025\/01\/1.jpg\",\"datePublished\":\"2025-02-23T19:06:24+00:00\",\"dateModified\":\"2025-05-16T14:04:56+00:00\",\"description\":\"Obt\u00e9 a Balears T\u00edtol Superior en Direcci\u00f3 de Cor al Centro Superior de M\u00fasica de Galicia mitjan\u00e7ant la col\u00b7laboraci\u00f3 de | musiqaa |\",\"breadcrumb\":{\"@id\":\"https:\/\/musiqaa.es\/coro-baleares\/#breadcrumb\"},\"inLanguage\":\"en-GB\",\"potentialAction\":[{\"@type\":\"ReadAction\",\"target\":[\"https:\/\/musiqaa.es\/coro-baleares\/\"]}]},{\"@type\":\"ImageObject\",\"inLanguage\":\"en-GB\",\"@id\":\"https:\/\/musiqaa.es\/coro-baleares\/#primaryimage\",\"url\":\"https:\/\/musiqaa.es\/wp-content\/uploads\/2025\/01\/1.jpg\",\"contentUrl\":\"https:\/\/musiqaa.es\/wp-content\/uploads\/2025\/01\/1.jpg\",\"width\":1920,\"height\":1080},{\"@type\":\"BreadcrumbList\",\"@id\":\"https:\/\/musiqaa.es\/coro-baleares\/#breadcrumb\",\"itemListElement\":[{\"@type\":\"ListItem\",\"position\":1,\"name\":\"Portada\",\"item\":\"https:\/\/musiqaa.es\/\"},{\"@type\":\"ListItem\",\"position\":2,\"name\":\"Grau Superior Direcci\u00f3 Cor Balears\"}]},{\"@type\":\"WebSite\",\"@id\":\"https:\/\/musiqaa.es\/#website\",\"url\":\"https:\/\/musiqaa.es\/\",\"name\":\"| musiqaa |\",\"description\":\"\",\"potentialAction\":[{\"@type\":\"SearchAction\",\"target\":{\"@type\":\"EntryPoint\",\"urlTemplate\":\"https:\/\/musiqaa.es\/?s={search_term_string}\"},\"query-input\":{\"@type\":\"PropertyValueSpecification\",\"valueRequired\":true,\"valueName\":\"search_term_string\"}}],\"inLanguage\":\"en-GB\"}]}<\/script>\n<!-- \/ Yoast SEO plugin. -->","yoast_head_json":{"title":"Grau Superior Direcci\u00f3 Cor Balears - | musiqaa |","description":"Obt\u00e9 a Balears T\u00edtol Superior en Direcci\u00f3 de Cor al Centro Superior de M\u00fasica de Galicia mitjan\u00e7ant la col\u00b7laboraci\u00f3 de | musiqaa |","robots":{"index":"index","follow":"follow","max-snippet":"max-snippet:-1","max-image-preview":"max-image-preview:large","max-video-preview":"max-video-preview:-1"},"canonical":"https:\/\/musiqaa.es\/en\/coro-baleares\/","og_locale":"en_GB","og_type":"article","og_title":"Grau Superior Direcci\u00f3 Cor Balears - | musiqaa |","og_description":"Obt\u00e9 a Balears T\u00edtol Superior en Direcci\u00f3 de Cor al Centro Superior de M\u00fasica de Galicia mitjan\u00e7ant la col\u00b7laboraci\u00f3 de | musiqaa |","og_url":"https:\/\/musiqaa.es\/en\/coro-baleares\/","og_site_name":"| musiqaa |","article_modified_time":"2025-05-16T14:04:56+00:00","og_image":[{"width":1920,"height":1080,"url":"https:\/\/musiqaa.es\/wp-content\/uploads\/2025\/01\/1.jpg","type":"image\/jpeg"}],"twitter_card":"summary_large_image","twitter_misc":{"Estimated reading time":"12 minutes"},"schema":{"@context":"https:\/\/schema.org","@graph":[{"@type":"WebPage","@id":"https:\/\/musiqaa.es\/coro-baleares\/","url":"https:\/\/musiqaa.es\/coro-baleares\/","name":"Grau Superior Direcci\u00f3 Cor Balears - | musiqaa |","isPartOf":{"@id":"https:\/\/musiqaa.es\/#website"},"primaryImageOfPage":{"@id":"https:\/\/musiqaa.es\/coro-baleares\/#primaryimage"},"image":{"@id":"https:\/\/musiqaa.es\/coro-baleares\/#primaryimage"},"thumbnailUrl":"https:\/\/musiqaa.es\/wp-content\/uploads\/2025\/01\/1.jpg","datePublished":"2025-02-23T19:06:24+00:00","dateModified":"2025-05-16T14:04:56+00:00","description":"Obt\u00e9 a Balears T\u00edtol Superior en Direcci\u00f3 de Cor al Centro Superior de M\u00fasica de Galicia mitjan\u00e7ant la col\u00b7laboraci\u00f3 de | musiqaa |","breadcrumb":{"@id":"https:\/\/musiqaa.es\/coro-baleares\/#breadcrumb"},"inLanguage":"en-GB","potentialAction":[{"@type":"ReadAction","target":["https:\/\/musiqaa.es\/coro-baleares\/"]}]},{"@type":"ImageObject","inLanguage":"en-GB","@id":"https:\/\/musiqaa.es\/coro-baleares\/#primaryimage","url":"https:\/\/musiqaa.es\/wp-content\/uploads\/2025\/01\/1.jpg","contentUrl":"https:\/\/musiqaa.es\/wp-content\/uploads\/2025\/01\/1.jpg","width":1920,"height":1080},{"@type":"BreadcrumbList","@id":"https:\/\/musiqaa.es\/coro-baleares\/#breadcrumb","itemListElement":[{"@type":"ListItem","position":1,"name":"Portada","item":"https:\/\/musiqaa.es\/"},{"@type":"ListItem","position":2,"name":"Grau Superior Direcci\u00f3 Cor Balears"}]},{"@type":"WebSite","@id":"https:\/\/musiqaa.es\/#website","url":"https:\/\/musiqaa.es\/","name":"| musiqaa |","description":"","potentialAction":[{"@type":"SearchAction","target":{"@type":"EntryPoint","urlTemplate":"https:\/\/musiqaa.es\/?s={search_term_string}"},"query-input":{"@type":"PropertyValueSpecification","valueRequired":true,"valueName":"search_term_string"}}],"inLanguage":"en-GB"}]}},"_links":{"self":[{"href":"https:\/\/musiqaa.es\/en\/wp-json\/wp\/v2\/pages\/2764","targetHints":{"allow":["GET"]}}],"collection":[{"href":"https:\/\/musiqaa.es\/en\/wp-json\/wp\/v2\/pages"}],"about":[{"href":"https:\/\/musiqaa.es\/en\/wp-json\/wp\/v2\/types\/page"}],"author":[{"embeddable":true,"href":"https:\/\/musiqaa.es\/en\/wp-json\/wp\/v2\/users\/2"}],"replies":[{"embeddable":true,"href":"https:\/\/musiqaa.es\/en\/wp-json\/wp\/v2\/comments?post=2764"}],"version-history":[{"count":30,"href":"https:\/\/musiqaa.es\/en\/wp-json\/wp\/v2\/pages\/2764\/revisions"}],"predecessor-version":[{"id":3057,"href":"https:\/\/musiqaa.es\/en\/wp-json\/wp\/v2\/pages\/2764\/revisions\/3057"}],"wp:featuredmedia":[{"embeddable":true,"href":"https:\/\/musiqaa.es\/en\/wp-json\/wp\/v2\/media\/2520"}],"wp:attachment":[{"href":"https:\/\/musiqaa.es\/en\/wp-json\/wp\/v2\/media?parent=2764"}],"curies":[{"name":"wp","href":"https:\/\/api.w.org\/{rel}","templated":true}]}}