{"id":2696,"date":"2025-02-13T06:04:36","date_gmt":"2025-02-13T06:04:36","guid":{"rendered":"https:\/\/musiqaa.es\/?page_id=2696"},"modified":"2025-07-04T19:04:11","modified_gmt":"2025-07-04T19:04:11","slug":"director","status":"publish","type":"page","link":"https:\/\/musiqaa.es\/en\/director\/","title":{"rendered":"Director"},"content":{"rendered":"<div class='flex_column av-9br8ub-607aebe5b16299b3d8219af85188ae18 av_one_full  avia-builder-el-0  el_before_av_heading  avia-builder-el-first  first flex_column_div'     ><\/div>\n\n<style type=\"text\/css\" data-created_by=\"avia_inline_auto\" id=\"style-css-av-m66ktkay-cfaa5294bfae1b800eea85558a2dd3a6\">\n#top .av-special-heading.av-m66ktkay-cfaa5294bfae1b800eea85558a2dd3a6{\npadding-bottom:10px;\n}\nbody .av-special-heading.av-m66ktkay-cfaa5294bfae1b800eea85558a2dd3a6 .av-special-heading-tag .heading-char{\nfont-size:25px;\n}\n.av-special-heading.av-m66ktkay-cfaa5294bfae1b800eea85558a2dd3a6 .av-subheading{\nfont-size:15px;\n}\n<\/style>\n<div  class='av-special-heading av-m66ktkay-cfaa5294bfae1b800eea85558a2dd3a6 av-special-heading-h2 blockquote modern-quote modern-centered  avia-builder-el-1  el_after_av_one_full  el_before_av_one_full'><h2 class='av-special-heading-tag'  itemprop=\"headline\"  >Joan Ballesteros<\/h2><div class=\"special-heading-border\"><div class=\"special-heading-inner-border\"><\/div><\/div><\/div>\n<div class='flex_column av-6x18v7-9d2a80298811c72855a8dd33a74f946c av_one_full  avia-builder-el-2  el_after_av_heading  el_before_av_textblock  first flex_column_div'     ><\/div>\n\n<style type=\"text\/css\" data-created_by=\"avia_inline_auto\" id=\"style-css-av-m66kvbci-c9b7901586cfa42566c40bf830c3c208\">\n#top .av_textblock_section.av-m66kvbci-c9b7901586cfa42566c40bf830c3c208 .avia_textblock{\nfont-size:19px;\n}\n<\/style>\n<section  class='av_textblock_section av-m66kvbci-c9b7901586cfa42566c40bf830c3c208'  itemscope=\"itemscope\" itemtype=\"https:\/\/schema.org\/CreativeWork\" ><div class='avia_textblock'  itemprop=\"text\" ><p><strong>Joan Ballesteros<\/strong><\/p>\n<p>Nascut a Val\u00e8ncia, format a la seva ciutat natal, Estocolm i Varese. Director d\u2019orquestra, banda i cor. Pianista, compositor i productor musical. Creador del primer postgrau a Espanya universitari en direcci\u00f3 de banda i en direcci\u00f3 de cor. S\u2019ha posat al capdavant d\u2019agrupacions com a JONDE. (Jove Orquestra Nacional d\u2019Espanya), Bandes Municipals de Barcelona, Oviedo, Eivissa i Badalona. Creador de les escoles de direcci\u00f3 de Toledo i Badalona. \u00c9s gerent de la Banda de Dones de Catalunya i de la JOIB (Jove Orquestra dels Illes Balears). Col\u00b7labora amb el Centro Superior de M\u00fasica de Galicia (CSM). Director del Cor del Conservatori de Felanitx. Escriptor i conferenciant. Algun dels seus t\u00edtols, Com dirigir una banda y no morir en el intento, Marketing elemental m\u00fasicos expertos, Organitza-T, Apaga Facebook y vende m\u00e1s o Manual de supervivencia para dirigir un coro. Especialista en m\u00e0rqueting musical, did\u00e0ctica d\u2019assaig i finances. Autor del blog Pensar la Banda i de Finanzas para llevar. Resideix a Eivissa amb la seva fam\u00edlia.<\/p>\n<\/div><\/section>\n<div class='flex_column av-61aew3-b2e82f3e783169b72fd886337060d619 av_one_full  avia-builder-el-4  el_after_av_textblock  el_before_av_one_full  first flex_column_div column-top-margin'     ><\/div>\n<div class='flex_column av-45pxg3-590bc329351935e71e6f6161bf736db7 av_one_full  avia-builder-el-5  el_after_av_one_full  el_before_av_button  first flex_column_div column-top-margin'     ><\/div>\n<div  class='avia-button-wrap av-m66ku7yr-0a85dff8d7de3c4931fca79d30ff2f58-wrap avia-button-center  avia-builder-el-6  el_after_av_one_full  el_before_av_one_full' ><a href='https:\/\/musiqaa.es\/en\/profes-escola-musica\/'  class='avia-button av-m66ku7yr-0a85dff8d7de3c4931fca79d30ff2f58 avia-icon_select-no avia-size-small avia-position-center avia-color-theme-color' ><span class='avia_iconbox_title' >tornar<\/span><\/a><\/div>\n<div class='flex_column av-r9w3-a002b89f449267abe999397a2a37a98e av_one_full  avia-builder-el-7  el_after_av_button  avia-builder-el-last  first flex_column_div'     ><\/div>","protected":false},"excerpt":{"rendered":"","protected":false},"author":2,"featured_media":2697,"parent":0,"menu_order":0,"comment_status":"closed","ping_status":"closed","template":"","meta":{"footnotes":""},"class_list":["post-2696","page","type-page","status-publish","has-post-thumbnail","hentry"],"yoast_head":"<!-- This site is optimized with the Yoast SEO plugin v23.7 - https:\/\/yoast.com\/wordpress\/plugins\/seo\/ -->\n<title>Director - | musiqaa |<\/title>\n<meta name=\"robots\" content=\"index, follow, max-snippet:-1, max-image-preview:large, max-video-preview:-1\" \/>\n<link rel=\"canonical\" href=\"https:\/\/musiqaa.es\/en\/director\/\" \/>\n<meta property=\"og:locale\" content=\"en_GB\" \/>\n<meta property=\"og:type\" content=\"article\" \/>\n<meta property=\"og:title\" content=\"Director - | musiqaa |\" \/>\n<meta property=\"og:url\" content=\"https:\/\/musiqaa.es\/en\/director\/\" \/>\n<meta property=\"og:site_name\" content=\"| musiqaa |\" \/>\n<meta property=\"article:modified_time\" content=\"2025-07-04T19:04:11+00:00\" \/>\n<meta property=\"og:image\" content=\"https:\/\/musiqaa.es\/wp-content\/uploads\/2025\/02\/pexels-silverkblack-30535786.jpg\" \/>\n\t<meta property=\"og:image:width\" content=\"1920\" \/>\n\t<meta property=\"og:image:height\" content=\"1013\" \/>\n\t<meta property=\"og:image:type\" content=\"image\/jpeg\" \/>\n<meta name=\"twitter:card\" content=\"summary_large_image\" \/>\n<meta name=\"twitter:label1\" content=\"Estimated reading time\" \/>\n\t<meta name=\"twitter:data1\" content=\"4 minutes\" \/>\n<script type=\"application\/ld+json\" class=\"yoast-schema-graph\">{\"@context\":\"https:\/\/schema.org\",\"@graph\":[{\"@type\":\"WebPage\",\"@id\":\"https:\/\/musiqaa.es\/director\/\",\"url\":\"https:\/\/musiqaa.es\/director\/\",\"name\":\"Director - | musiqaa |\",\"isPartOf\":{\"@id\":\"https:\/\/musiqaa.es\/#website\"},\"primaryImageOfPage\":{\"@id\":\"https:\/\/musiqaa.es\/director\/#primaryimage\"},\"image\":{\"@id\":\"https:\/\/musiqaa.es\/director\/#primaryimage\"},\"thumbnailUrl\":\"https:\/\/musiqaa.es\/wp-content\/uploads\/2025\/02\/pexels-silverkblack-30535786.jpg\",\"datePublished\":\"2025-02-13T06:04:36+00:00\",\"dateModified\":\"2025-07-04T19:04:11+00:00\",\"breadcrumb\":{\"@id\":\"https:\/\/musiqaa.es\/director\/#breadcrumb\"},\"inLanguage\":\"en-GB\",\"potentialAction\":[{\"@type\":\"ReadAction\",\"target\":[\"https:\/\/musiqaa.es\/director\/\"]}]},{\"@type\":\"ImageObject\",\"inLanguage\":\"en-GB\",\"@id\":\"https:\/\/musiqaa.es\/director\/#primaryimage\",\"url\":\"https:\/\/musiqaa.es\/wp-content\/uploads\/2025\/02\/pexels-silverkblack-30535786.jpg\",\"contentUrl\":\"https:\/\/musiqaa.es\/wp-content\/uploads\/2025\/02\/pexels-silverkblack-30535786.jpg\",\"width\":1920,\"height\":1013},{\"@type\":\"BreadcrumbList\",\"@id\":\"https:\/\/musiqaa.es\/director\/#breadcrumb\",\"itemListElement\":[{\"@type\":\"ListItem\",\"position\":1,\"name\":\"Portada\",\"item\":\"https:\/\/musiqaa.es\/\"},{\"@type\":\"ListItem\",\"position\":2,\"name\":\"Director\"}]},{\"@type\":\"WebSite\",\"@id\":\"https:\/\/musiqaa.es\/#website\",\"url\":\"https:\/\/musiqaa.es\/\",\"name\":\"| musiqaa |\",\"description\":\"\",\"potentialAction\":[{\"@type\":\"SearchAction\",\"target\":{\"@type\":\"EntryPoint\",\"urlTemplate\":\"https:\/\/musiqaa.es\/?s={search_term_string}\"},\"query-input\":{\"@type\":\"PropertyValueSpecification\",\"valueRequired\":true,\"valueName\":\"search_term_string\"}}],\"inLanguage\":\"en-GB\"}]}<\/script>\n<!-- \/ Yoast SEO plugin. -->","yoast_head_json":{"title":"Director - | musiqaa |","robots":{"index":"index","follow":"follow","max-snippet":"max-snippet:-1","max-image-preview":"max-image-preview:large","max-video-preview":"max-video-preview:-1"},"canonical":"https:\/\/musiqaa.es\/en\/director\/","og_locale":"en_GB","og_type":"article","og_title":"Director - | musiqaa |","og_url":"https:\/\/musiqaa.es\/en\/director\/","og_site_name":"| musiqaa |","article_modified_time":"2025-07-04T19:04:11+00:00","og_image":[{"width":1920,"height":1013,"url":"https:\/\/musiqaa.es\/wp-content\/uploads\/2025\/02\/pexels-silverkblack-30535786.jpg","type":"image\/jpeg"}],"twitter_card":"summary_large_image","twitter_misc":{"Estimated reading time":"4 minutes"},"schema":{"@context":"https:\/\/schema.org","@graph":[{"@type":"WebPage","@id":"https:\/\/musiqaa.es\/director\/","url":"https:\/\/musiqaa.es\/director\/","name":"Director - | musiqaa |","isPartOf":{"@id":"https:\/\/musiqaa.es\/#website"},"primaryImageOfPage":{"@id":"https:\/\/musiqaa.es\/director\/#primaryimage"},"image":{"@id":"https:\/\/musiqaa.es\/director\/#primaryimage"},"thumbnailUrl":"https:\/\/musiqaa.es\/wp-content\/uploads\/2025\/02\/pexels-silverkblack-30535786.jpg","datePublished":"2025-02-13T06:04:36+00:00","dateModified":"2025-07-04T19:04:11+00:00","breadcrumb":{"@id":"https:\/\/musiqaa.es\/director\/#breadcrumb"},"inLanguage":"en-GB","potentialAction":[{"@type":"ReadAction","target":["https:\/\/musiqaa.es\/director\/"]}]},{"@type":"ImageObject","inLanguage":"en-GB","@id":"https:\/\/musiqaa.es\/director\/#primaryimage","url":"https:\/\/musiqaa.es\/wp-content\/uploads\/2025\/02\/pexels-silverkblack-30535786.jpg","contentUrl":"https:\/\/musiqaa.es\/wp-content\/uploads\/2025\/02\/pexels-silverkblack-30535786.jpg","width":1920,"height":1013},{"@type":"BreadcrumbList","@id":"https:\/\/musiqaa.es\/director\/#breadcrumb","itemListElement":[{"@type":"ListItem","position":1,"name":"Portada","item":"https:\/\/musiqaa.es\/"},{"@type":"ListItem","position":2,"name":"Director"}]},{"@type":"WebSite","@id":"https:\/\/musiqaa.es\/#website","url":"https:\/\/musiqaa.es\/","name":"| musiqaa |","description":"","potentialAction":[{"@type":"SearchAction","target":{"@type":"EntryPoint","urlTemplate":"https:\/\/musiqaa.es\/?s={search_term_string}"},"query-input":{"@type":"PropertyValueSpecification","valueRequired":true,"valueName":"search_term_string"}}],"inLanguage":"en-GB"}]}},"_links":{"self":[{"href":"https:\/\/musiqaa.es\/en\/wp-json\/wp\/v2\/pages\/2696","targetHints":{"allow":["GET"]}}],"collection":[{"href":"https:\/\/musiqaa.es\/en\/wp-json\/wp\/v2\/pages"}],"about":[{"href":"https:\/\/musiqaa.es\/en\/wp-json\/wp\/v2\/types\/page"}],"author":[{"embeddable":true,"href":"https:\/\/musiqaa.es\/en\/wp-json\/wp\/v2\/users\/2"}],"replies":[{"embeddable":true,"href":"https:\/\/musiqaa.es\/en\/wp-json\/wp\/v2\/comments?post=2696"}],"version-history":[{"count":3,"href":"https:\/\/musiqaa.es\/en\/wp-json\/wp\/v2\/pages\/2696\/revisions"}],"predecessor-version":[{"id":3188,"href":"https:\/\/musiqaa.es\/en\/wp-json\/wp\/v2\/pages\/2696\/revisions\/3188"}],"wp:featuredmedia":[{"embeddable":true,"href":"https:\/\/musiqaa.es\/en\/wp-json\/wp\/v2\/media\/2697"}],"wp:attachment":[{"href":"https:\/\/musiqaa.es\/en\/wp-json\/wp\/v2\/media?parent=2696"}],"curies":[{"name":"wp","href":"https:\/\/api.w.org\/{rel}","templated":true}]}}