{"id":2636,"date":"2025-02-07T20:19:39","date_gmt":"2025-02-07T20:19:39","guid":{"rendered":"https:\/\/musiqaa.es\/?page_id=2636"},"modified":"2025-07-05T04:05:50","modified_gmt":"2025-07-05T04:05:50","slug":"piano-lloret","status":"publish","type":"page","link":"https:\/\/musiqaa.es\/en\/piano-lloret\/","title":{"rendered":"Piano"},"content":{"rendered":"<div class='flex_column av-9br8ub-607aebe5b16299b3d8219af85188ae18 av_one_full  avia-builder-el-0  el_before_av_heading  avia-builder-el-first  first flex_column_div'     ><\/div>\n\n<style type=\"text\/css\" data-created_by=\"avia_inline_auto\" id=\"style-css-av-m66ktkay-dae0264d9d9e591237a3e450b9de366d\">\n#top .av-special-heading.av-m66ktkay-dae0264d9d9e591237a3e450b9de366d{\npadding-bottom:10px;\n}\nbody .av-special-heading.av-m66ktkay-dae0264d9d9e591237a3e450b9de366d .av-special-heading-tag .heading-char{\nfont-size:25px;\n}\n.av-special-heading.av-m66ktkay-dae0264d9d9e591237a3e450b9de366d .av-subheading{\nfont-size:15px;\n}\n<\/style>\n<div  class='av-special-heading av-m66ktkay-dae0264d9d9e591237a3e450b9de366d av-special-heading-h2 blockquote modern-quote modern-centered  avia-builder-el-1  el_after_av_one_full  el_before_av_one_full'><h2 class='av-special-heading-tag'  itemprop=\"headline\"  >Blanca Alegret<\/h2><div class=\"special-heading-border\"><div class=\"special-heading-inner-border\"><\/div><\/div><\/div>\n<div class='flex_column av-6x18v7-9d2a80298811c72855a8dd33a74f946c av_one_full  avia-builder-el-2  el_after_av_heading  el_before_av_textblock  first flex_column_div'     ><\/div>\n\n<style type=\"text\/css\" data-created_by=\"avia_inline_auto\" id=\"style-css-av-m66kvbci-c9b7901586cfa42566c40bf830c3c208\">\n#top .av_textblock_section.av-m66kvbci-c9b7901586cfa42566c40bf830c3c208 .avia_textblock{\nfont-size:19px;\n}\n<\/style>\n<section  class='av_textblock_section av-m66kvbci-c9b7901586cfa42566c40bf830c3c208'  itemscope=\"itemscope\" itemtype=\"https:\/\/schema.org\/CreativeWork\" ><div class='avia_textblock'  itemprop=\"text\" ><p><strong>Blanca Alegret<\/strong><\/p>\n<p>Blanca fa m\u00e9s de deu anys que dedica la seva vida a ensenyar m\u00fasica i piano amb una il\u00b7lusi\u00f3 contagiosa, ha treballat en diverses escoles de m\u00fasica de Barcelona i desde fa 7 anys ofereix les seves classes a Mallorca.<\/p>\n<p>El seu s\u00f2lid fonament musical es va gestar a l&#8217;Escola de M\u00fasica i Dansa Fusi\u00f3 de Sant Cugat del Vall\u00e8s, on va assimilar els innovadors m\u00e8todes Willems i Dalcroze. Aquesta formaci\u00f3 inicial es va complementar amb el Grau Professional de Piano al Conservatori de Terrassa i estudis d&#8217;Educaci\u00f3 Musical a la Universitat Ramon Llull de Barcelona, consolidant aix\u00ed una visi\u00f3 pedag\u00f2gica completa i moderna.<\/p>\n<p>La seva metodologia \u00e9s apta per a alumnes de totes les edats, des de nens fins a adults, fins i tot si comences de zero. Amb ella, aprendr\u00e0s llenguatge musical i piano simult\u00e0niament, de manera natural i sense complicacions. Prepara&#8217;t per gaudir del teu viatge musical amb la Blanca!<\/p>\n<\/div><\/section>\n<div class='flex_column av-61aew3-b2e82f3e783169b72fd886337060d619 av_one_full  avia-builder-el-4  el_after_av_textblock  el_before_av_one_full  first flex_column_div column-top-margin'     ><\/div>\n<div class='flex_column av-45pxg3-590bc329351935e71e6f6161bf736db7 av_one_full  avia-builder-el-5  el_after_av_one_full  el_before_av_button  first flex_column_div column-top-margin'     ><\/div>\n<div  class='avia-button-wrap av-m66ku7yr-0a85dff8d7de3c4931fca79d30ff2f58-wrap avia-button-center  avia-builder-el-6  el_after_av_one_full  el_before_av_one_full' ><a href='https:\/\/musiqaa.es\/en\/profes-escola-musica\/'  class='avia-button av-m66ku7yr-0a85dff8d7de3c4931fca79d30ff2f58 avia-icon_select-no avia-size-small avia-position-center avia-color-theme-color' ><span class='avia_iconbox_title' >tornar<\/span><\/a><\/div>\n<div class='flex_column av-r9w3-a002b89f449267abe999397a2a37a98e av_one_full  avia-builder-el-7  el_after_av_button  avia-builder-el-last  first flex_column_div'     ><\/div>","protected":false},"excerpt":{"rendered":"","protected":false},"author":2,"featured_media":2637,"parent":0,"menu_order":0,"comment_status":"closed","ping_status":"closed","template":"","meta":{"footnotes":""},"class_list":["post-2636","page","type-page","status-publish","has-post-thumbnail","hentry"],"yoast_head":"<!-- This site is optimized with the Yoast SEO plugin v23.7 - https:\/\/yoast.com\/wordpress\/plugins\/seo\/ -->\n<title>Piano - | musiqaa |<\/title>\n<meta name=\"robots\" content=\"index, follow, max-snippet:-1, max-image-preview:large, max-video-preview:-1\" \/>\n<link rel=\"canonical\" href=\"https:\/\/musiqaa.es\/en\/piano-lloret\/\" \/>\n<meta property=\"og:locale\" content=\"en_GB\" \/>\n<meta property=\"og:type\" content=\"article\" \/>\n<meta property=\"og:title\" content=\"Piano - | musiqaa |\" \/>\n<meta property=\"og:url\" content=\"https:\/\/musiqaa.es\/en\/piano-lloret\/\" \/>\n<meta property=\"og:site_name\" content=\"| musiqaa |\" \/>\n<meta property=\"article:modified_time\" content=\"2025-07-05T04:05:50+00:00\" \/>\n<meta property=\"og:image\" content=\"https:\/\/musiqaa.es\/wp-content\/uploads\/2025\/02\/pexels-pixabay-164743.jpg\" \/>\n\t<meta property=\"og:image:width\" content=\"1920\" \/>\n\t<meta property=\"og:image:height\" content=\"1280\" \/>\n\t<meta property=\"og:image:type\" content=\"image\/jpeg\" \/>\n<meta name=\"twitter:card\" content=\"summary_large_image\" \/>\n<meta name=\"twitter:label1\" content=\"Estimated reading time\" \/>\n\t<meta name=\"twitter:data1\" content=\"4 minutes\" \/>\n<script type=\"application\/ld+json\" class=\"yoast-schema-graph\">{\"@context\":\"https:\/\/schema.org\",\"@graph\":[{\"@type\":\"WebPage\",\"@id\":\"https:\/\/musiqaa.es\/piano-lloret\/\",\"url\":\"https:\/\/musiqaa.es\/piano-lloret\/\",\"name\":\"Piano - | musiqaa |\",\"isPartOf\":{\"@id\":\"https:\/\/musiqaa.es\/#website\"},\"primaryImageOfPage\":{\"@id\":\"https:\/\/musiqaa.es\/piano-lloret\/#primaryimage\"},\"image\":{\"@id\":\"https:\/\/musiqaa.es\/piano-lloret\/#primaryimage\"},\"thumbnailUrl\":\"https:\/\/musiqaa.es\/wp-content\/uploads\/2025\/02\/pexels-pixabay-164743.jpg\",\"datePublished\":\"2025-02-07T20:19:39+00:00\",\"dateModified\":\"2025-07-05T04:05:50+00:00\",\"breadcrumb\":{\"@id\":\"https:\/\/musiqaa.es\/piano-lloret\/#breadcrumb\"},\"inLanguage\":\"en-GB\",\"potentialAction\":[{\"@type\":\"ReadAction\",\"target\":[\"https:\/\/musiqaa.es\/piano-lloret\/\"]}]},{\"@type\":\"ImageObject\",\"inLanguage\":\"en-GB\",\"@id\":\"https:\/\/musiqaa.es\/piano-lloret\/#primaryimage\",\"url\":\"https:\/\/musiqaa.es\/wp-content\/uploads\/2025\/02\/pexels-pixabay-164743.jpg\",\"contentUrl\":\"https:\/\/musiqaa.es\/wp-content\/uploads\/2025\/02\/pexels-pixabay-164743.jpg\",\"width\":1920,\"height\":1280},{\"@type\":\"BreadcrumbList\",\"@id\":\"https:\/\/musiqaa.es\/piano-lloret\/#breadcrumb\",\"itemListElement\":[{\"@type\":\"ListItem\",\"position\":1,\"name\":\"Portada\",\"item\":\"https:\/\/musiqaa.es\/\"},{\"@type\":\"ListItem\",\"position\":2,\"name\":\"Piano\"}]},{\"@type\":\"WebSite\",\"@id\":\"https:\/\/musiqaa.es\/#website\",\"url\":\"https:\/\/musiqaa.es\/\",\"name\":\"| musiqaa |\",\"description\":\"\",\"potentialAction\":[{\"@type\":\"SearchAction\",\"target\":{\"@type\":\"EntryPoint\",\"urlTemplate\":\"https:\/\/musiqaa.es\/?s={search_term_string}\"},\"query-input\":{\"@type\":\"PropertyValueSpecification\",\"valueRequired\":true,\"valueName\":\"search_term_string\"}}],\"inLanguage\":\"en-GB\"}]}<\/script>\n<!-- \/ Yoast SEO plugin. -->","yoast_head_json":{"title":"Piano - | musiqaa |","robots":{"index":"index","follow":"follow","max-snippet":"max-snippet:-1","max-image-preview":"max-image-preview:large","max-video-preview":"max-video-preview:-1"},"canonical":"https:\/\/musiqaa.es\/en\/piano-lloret\/","og_locale":"en_GB","og_type":"article","og_title":"Piano - | musiqaa |","og_url":"https:\/\/musiqaa.es\/en\/piano-lloret\/","og_site_name":"| musiqaa |","article_modified_time":"2025-07-05T04:05:50+00:00","og_image":[{"width":1920,"height":1280,"url":"https:\/\/musiqaa.es\/wp-content\/uploads\/2025\/02\/pexels-pixabay-164743.jpg","type":"image\/jpeg"}],"twitter_card":"summary_large_image","twitter_misc":{"Estimated reading time":"4 minutes"},"schema":{"@context":"https:\/\/schema.org","@graph":[{"@type":"WebPage","@id":"https:\/\/musiqaa.es\/piano-lloret\/","url":"https:\/\/musiqaa.es\/piano-lloret\/","name":"Piano - | musiqaa |","isPartOf":{"@id":"https:\/\/musiqaa.es\/#website"},"primaryImageOfPage":{"@id":"https:\/\/musiqaa.es\/piano-lloret\/#primaryimage"},"image":{"@id":"https:\/\/musiqaa.es\/piano-lloret\/#primaryimage"},"thumbnailUrl":"https:\/\/musiqaa.es\/wp-content\/uploads\/2025\/02\/pexels-pixabay-164743.jpg","datePublished":"2025-02-07T20:19:39+00:00","dateModified":"2025-07-05T04:05:50+00:00","breadcrumb":{"@id":"https:\/\/musiqaa.es\/piano-lloret\/#breadcrumb"},"inLanguage":"en-GB","potentialAction":[{"@type":"ReadAction","target":["https:\/\/musiqaa.es\/piano-lloret\/"]}]},{"@type":"ImageObject","inLanguage":"en-GB","@id":"https:\/\/musiqaa.es\/piano-lloret\/#primaryimage","url":"https:\/\/musiqaa.es\/wp-content\/uploads\/2025\/02\/pexels-pixabay-164743.jpg","contentUrl":"https:\/\/musiqaa.es\/wp-content\/uploads\/2025\/02\/pexels-pixabay-164743.jpg","width":1920,"height":1280},{"@type":"BreadcrumbList","@id":"https:\/\/musiqaa.es\/piano-lloret\/#breadcrumb","itemListElement":[{"@type":"ListItem","position":1,"name":"Portada","item":"https:\/\/musiqaa.es\/"},{"@type":"ListItem","position":2,"name":"Piano"}]},{"@type":"WebSite","@id":"https:\/\/musiqaa.es\/#website","url":"https:\/\/musiqaa.es\/","name":"| musiqaa |","description":"","potentialAction":[{"@type":"SearchAction","target":{"@type":"EntryPoint","urlTemplate":"https:\/\/musiqaa.es\/?s={search_term_string}"},"query-input":{"@type":"PropertyValueSpecification","valueRequired":true,"valueName":"search_term_string"}}],"inLanguage":"en-GB"}]}},"_links":{"self":[{"href":"https:\/\/musiqaa.es\/en\/wp-json\/wp\/v2\/pages\/2636","targetHints":{"allow":["GET"]}}],"collection":[{"href":"https:\/\/musiqaa.es\/en\/wp-json\/wp\/v2\/pages"}],"about":[{"href":"https:\/\/musiqaa.es\/en\/wp-json\/wp\/v2\/types\/page"}],"author":[{"embeddable":true,"href":"https:\/\/musiqaa.es\/en\/wp-json\/wp\/v2\/users\/2"}],"replies":[{"embeddable":true,"href":"https:\/\/musiqaa.es\/en\/wp-json\/wp\/v2\/comments?post=2636"}],"version-history":[{"count":5,"href":"https:\/\/musiqaa.es\/en\/wp-json\/wp\/v2\/pages\/2636\/revisions"}],"predecessor-version":[{"id":3190,"href":"https:\/\/musiqaa.es\/en\/wp-json\/wp\/v2\/pages\/2636\/revisions\/3190"}],"wp:featuredmedia":[{"embeddable":true,"href":"https:\/\/musiqaa.es\/en\/wp-json\/wp\/v2\/media\/2637"}],"wp:attachment":[{"href":"https:\/\/musiqaa.es\/en\/wp-json\/wp\/v2\/media?parent=2636"}],"curies":[{"name":"wp","href":"https:\/\/api.w.org\/{rel}","templated":true}]}}