{"id":2531,"date":"2025-01-21T14:36:28","date_gmt":"2025-01-21T14:36:28","guid":{"rendered":"https:\/\/musiqaa.es\/?page_id=2531"},"modified":"2025-02-07T20:15:44","modified_gmt":"2025-02-07T20:15:44","slug":"sergi-tomas","status":"publish","type":"page","link":"https:\/\/musiqaa.es\/en\/sergi-tomas\/","title":{"rendered":"Bateria i Percussi\u00f3"},"content":{"rendered":"<div class='flex_column av-9br8ub-607aebe5b16299b3d8219af85188ae18 av_one_full  avia-builder-el-0  el_before_av_heading  avia-builder-el-first  first flex_column_div'     ><\/div>\n\n<style type=\"text\/css\" data-created_by=\"avia_inline_auto\" id=\"style-css-av-m66ktkay-04d255b5fbf3ab78953f90e45b0ab22a\">\n#top .av-special-heading.av-m66ktkay-04d255b5fbf3ab78953f90e45b0ab22a{\npadding-bottom:10px;\n}\nbody .av-special-heading.av-m66ktkay-04d255b5fbf3ab78953f90e45b0ab22a .av-special-heading-tag .heading-char{\nfont-size:25px;\n}\n.av-special-heading.av-m66ktkay-04d255b5fbf3ab78953f90e45b0ab22a .av-subheading{\nfont-size:15px;\n}\n<\/style>\n<div  class='av-special-heading av-m66ktkay-04d255b5fbf3ab78953f90e45b0ab22a av-special-heading-h2 blockquote modern-quote modern-centered  avia-builder-el-1  el_after_av_one_full  el_before_av_one_full'><h2 class='av-special-heading-tag'  itemprop=\"headline\"  >Sergi Tom\u00e0s<\/h2><div class=\"special-heading-border\"><div class=\"special-heading-inner-border\"><\/div><\/div><\/div>\n<div class='flex_column av-6x18v7-9d2a80298811c72855a8dd33a74f946c av_one_full  avia-builder-el-2  el_after_av_heading  el_before_av_textblock  first flex_column_div'     ><\/div>\n\n<style type=\"text\/css\" data-created_by=\"avia_inline_auto\" id=\"style-css-av-m66kvbci-c9b7901586cfa42566c40bf830c3c208\">\n#top .av_textblock_section.av-m66kvbci-c9b7901586cfa42566c40bf830c3c208 .avia_textblock{\nfont-size:19px;\n}\n<\/style>\n<section  class='av_textblock_section av-m66kvbci-c9b7901586cfa42566c40bf830c3c208'  itemscope=\"itemscope\" itemtype=\"https:\/\/schema.org\/CreativeWork\" ><div class='avia_textblock'  itemprop=\"text\" ><p><strong>Sergi Tom\u00e0s Vidal<\/strong><\/p>\n<p>Bateria professional format tant en m\u00fasica cl\u00e0ssica com en m\u00fasica moderna. Com a bateria i percussionista: Ha format part de diverses agrupaci\u00f3ns musicals de estils diversos, com son, -Rock, Pop, Jazz, Swing, Funky, Disco o Rock progressiu, entre altres-. Amb artistes nacionals i internacionals, com ara: &#8211; Tomeu Penya, Vivian Caoba, JoPro, Los Bravos, Horris Kamoi, Mantra, Fyre!, Misty Mountain, Victoria Lerma, Jason Ringenberg, Tim Easton, Joan Chamorro, Andrea Motis, Glissando Big Band, Lars Ranzenberger, Sam Spence, Victoria Maldi, Ricky Merino, Cosmopolitan String Cuartet\u2026 sumat a un llarg eccetera de colaboraci\u00f3ns i gravaci\u00f3ns.<\/p>\n<p>Com a educador a treballat a v\u00e0ries escoles de m\u00fasica al llarg dels anys a m\u00e9s de participar a varies events com a instructor acompanyat de bateries de nivell mundial com son, Todd Sucherman, Jose Bruno, Russ Miller, Benny Grebb, etc.. compartint escenari al festival \u201cLa Rioja Drum Fest\u201d . Com a curiositat: Va participar a un v\u00eddeo de youtube formant part dels millors 30 bateries d\u2019Espanya de l\u2019any 2014, al v\u00eddeo anomenat \u201cSpanish Drummer Mafia\u201d del m\u00fasic i youtuber \u201cDeivhook\u201d .<\/p>\n<\/div><\/section>\n<div class='flex_column av-61aew3-b2e82f3e783169b72fd886337060d619 av_one_full  avia-builder-el-4  el_after_av_textblock  el_before_av_one_full  first flex_column_div column-top-margin'     ><\/div>\n<div class='flex_column av-45pxg3-590bc329351935e71e6f6161bf736db7 av_one_full  avia-builder-el-5  el_after_av_one_full  el_before_av_button  first flex_column_div column-top-margin'     ><\/div>\n<div  class='avia-button-wrap av-m66ku7yr-0a85dff8d7de3c4931fca79d30ff2f58-wrap avia-button-center  avia-builder-el-6  el_after_av_one_full  el_before_av_one_full' ><a href='https:\/\/musiqaa.es\/en\/profes-escola-musica\/'  class='avia-button av-m66ku7yr-0a85dff8d7de3c4931fca79d30ff2f58 avia-icon_select-no avia-size-small avia-position-center avia-color-theme-color' ><span class='avia_iconbox_title' >tornar<\/span><\/a><\/div>\n<div class='flex_column av-r9w3-a002b89f449267abe999397a2a37a98e av_one_full  avia-builder-el-7  el_after_av_button  avia-builder-el-last  first flex_column_div'     ><\/div>","protected":false},"excerpt":{"rendered":"","protected":false},"author":2,"featured_media":2634,"parent":0,"menu_order":0,"comment_status":"closed","ping_status":"closed","template":"","meta":{"footnotes":""},"class_list":["post-2531","page","type-page","status-publish","has-post-thumbnail","hentry"],"yoast_head":"<!-- This site is optimized with the Yoast SEO plugin v23.7 - https:\/\/yoast.com\/wordpress\/plugins\/seo\/ -->\n<title>Bateria i Percussi\u00f3 - | musiqaa |<\/title>\n<meta name=\"robots\" content=\"index, follow, max-snippet:-1, max-image-preview:large, max-video-preview:-1\" \/>\n<link rel=\"canonical\" href=\"https:\/\/musiqaa.es\/en\/sergi-tomas\/\" \/>\n<meta property=\"og:locale\" content=\"en_GB\" \/>\n<meta property=\"og:type\" content=\"article\" \/>\n<meta property=\"og:title\" content=\"Bateria i Percussi\u00f3 - | musiqaa |\" \/>\n<meta property=\"og:url\" content=\"https:\/\/musiqaa.es\/en\/sergi-tomas\/\" \/>\n<meta property=\"og:site_name\" content=\"| musiqaa |\" \/>\n<meta property=\"article:modified_time\" content=\"2025-02-07T20:15:44+00:00\" \/>\n<meta property=\"og:image\" content=\"https:\/\/musiqaa.es\/wp-content\/uploads\/2025\/02\/pexels-yankrukov-9008802.jpg\" \/>\n\t<meta property=\"og:image:width\" content=\"1920\" \/>\n\t<meta property=\"og:image:height\" content=\"1280\" \/>\n\t<meta property=\"og:image:type\" content=\"image\/jpeg\" \/>\n<meta name=\"twitter:card\" content=\"summary_large_image\" \/>\n<meta name=\"twitter:label1\" content=\"Estimated reading time\" \/>\n\t<meta name=\"twitter:data1\" content=\"4 minutes\" \/>\n<script type=\"application\/ld+json\" class=\"yoast-schema-graph\">{\"@context\":\"https:\/\/schema.org\",\"@graph\":[{\"@type\":\"WebPage\",\"@id\":\"https:\/\/musiqaa.es\/sergi-tomas\/\",\"url\":\"https:\/\/musiqaa.es\/sergi-tomas\/\",\"name\":\"Bateria i Percussi\u00f3 - | musiqaa |\",\"isPartOf\":{\"@id\":\"https:\/\/musiqaa.es\/#website\"},\"primaryImageOfPage\":{\"@id\":\"https:\/\/musiqaa.es\/sergi-tomas\/#primaryimage\"},\"image\":{\"@id\":\"https:\/\/musiqaa.es\/sergi-tomas\/#primaryimage\"},\"thumbnailUrl\":\"https:\/\/musiqaa.es\/wp-content\/uploads\/2025\/02\/pexels-yankrukov-9008802.jpg\",\"datePublished\":\"2025-01-21T14:36:28+00:00\",\"dateModified\":\"2025-02-07T20:15:44+00:00\",\"breadcrumb\":{\"@id\":\"https:\/\/musiqaa.es\/sergi-tomas\/#breadcrumb\"},\"inLanguage\":\"en-GB\",\"potentialAction\":[{\"@type\":\"ReadAction\",\"target\":[\"https:\/\/musiqaa.es\/sergi-tomas\/\"]}]},{\"@type\":\"ImageObject\",\"inLanguage\":\"en-GB\",\"@id\":\"https:\/\/musiqaa.es\/sergi-tomas\/#primaryimage\",\"url\":\"https:\/\/musiqaa.es\/wp-content\/uploads\/2025\/02\/pexels-yankrukov-9008802.jpg\",\"contentUrl\":\"https:\/\/musiqaa.es\/wp-content\/uploads\/2025\/02\/pexels-yankrukov-9008802.jpg\",\"width\":1920,\"height\":1280},{\"@type\":\"BreadcrumbList\",\"@id\":\"https:\/\/musiqaa.es\/sergi-tomas\/#breadcrumb\",\"itemListElement\":[{\"@type\":\"ListItem\",\"position\":1,\"name\":\"Portada\",\"item\":\"https:\/\/musiqaa.es\/\"},{\"@type\":\"ListItem\",\"position\":2,\"name\":\"Bateria i Percussi\u00f3\"}]},{\"@type\":\"WebSite\",\"@id\":\"https:\/\/musiqaa.es\/#website\",\"url\":\"https:\/\/musiqaa.es\/\",\"name\":\"| musiqaa |\",\"description\":\"\",\"potentialAction\":[{\"@type\":\"SearchAction\",\"target\":{\"@type\":\"EntryPoint\",\"urlTemplate\":\"https:\/\/musiqaa.es\/?s={search_term_string}\"},\"query-input\":{\"@type\":\"PropertyValueSpecification\",\"valueRequired\":true,\"valueName\":\"search_term_string\"}}],\"inLanguage\":\"en-GB\"}]}<\/script>\n<!-- \/ Yoast SEO plugin. -->","yoast_head_json":{"title":"Bateria i Percussi\u00f3 - | musiqaa |","robots":{"index":"index","follow":"follow","max-snippet":"max-snippet:-1","max-image-preview":"max-image-preview:large","max-video-preview":"max-video-preview:-1"},"canonical":"https:\/\/musiqaa.es\/en\/sergi-tomas\/","og_locale":"en_GB","og_type":"article","og_title":"Bateria i Percussi\u00f3 - | musiqaa |","og_url":"https:\/\/musiqaa.es\/en\/sergi-tomas\/","og_site_name":"| musiqaa |","article_modified_time":"2025-02-07T20:15:44+00:00","og_image":[{"width":1920,"height":1280,"url":"https:\/\/musiqaa.es\/wp-content\/uploads\/2025\/02\/pexels-yankrukov-9008802.jpg","type":"image\/jpeg"}],"twitter_card":"summary_large_image","twitter_misc":{"Estimated reading time":"4 minutes"},"schema":{"@context":"https:\/\/schema.org","@graph":[{"@type":"WebPage","@id":"https:\/\/musiqaa.es\/sergi-tomas\/","url":"https:\/\/musiqaa.es\/sergi-tomas\/","name":"Bateria i Percussi\u00f3 - | musiqaa |","isPartOf":{"@id":"https:\/\/musiqaa.es\/#website"},"primaryImageOfPage":{"@id":"https:\/\/musiqaa.es\/sergi-tomas\/#primaryimage"},"image":{"@id":"https:\/\/musiqaa.es\/sergi-tomas\/#primaryimage"},"thumbnailUrl":"https:\/\/musiqaa.es\/wp-content\/uploads\/2025\/02\/pexels-yankrukov-9008802.jpg","datePublished":"2025-01-21T14:36:28+00:00","dateModified":"2025-02-07T20:15:44+00:00","breadcrumb":{"@id":"https:\/\/musiqaa.es\/sergi-tomas\/#breadcrumb"},"inLanguage":"en-GB","potentialAction":[{"@type":"ReadAction","target":["https:\/\/musiqaa.es\/sergi-tomas\/"]}]},{"@type":"ImageObject","inLanguage":"en-GB","@id":"https:\/\/musiqaa.es\/sergi-tomas\/#primaryimage","url":"https:\/\/musiqaa.es\/wp-content\/uploads\/2025\/02\/pexels-yankrukov-9008802.jpg","contentUrl":"https:\/\/musiqaa.es\/wp-content\/uploads\/2025\/02\/pexels-yankrukov-9008802.jpg","width":1920,"height":1280},{"@type":"BreadcrumbList","@id":"https:\/\/musiqaa.es\/sergi-tomas\/#breadcrumb","itemListElement":[{"@type":"ListItem","position":1,"name":"Portada","item":"https:\/\/musiqaa.es\/"},{"@type":"ListItem","position":2,"name":"Bateria i Percussi\u00f3"}]},{"@type":"WebSite","@id":"https:\/\/musiqaa.es\/#website","url":"https:\/\/musiqaa.es\/","name":"| musiqaa |","description":"","potentialAction":[{"@type":"SearchAction","target":{"@type":"EntryPoint","urlTemplate":"https:\/\/musiqaa.es\/?s={search_term_string}"},"query-input":{"@type":"PropertyValueSpecification","valueRequired":true,"valueName":"search_term_string"}}],"inLanguage":"en-GB"}]}},"_links":{"self":[{"href":"https:\/\/musiqaa.es\/en\/wp-json\/wp\/v2\/pages\/2531","targetHints":{"allow":["GET"]}}],"collection":[{"href":"https:\/\/musiqaa.es\/en\/wp-json\/wp\/v2\/pages"}],"about":[{"href":"https:\/\/musiqaa.es\/en\/wp-json\/wp\/v2\/types\/page"}],"author":[{"embeddable":true,"href":"https:\/\/musiqaa.es\/en\/wp-json\/wp\/v2\/users\/2"}],"replies":[{"embeddable":true,"href":"https:\/\/musiqaa.es\/en\/wp-json\/wp\/v2\/comments?post=2531"}],"version-history":[{"count":5,"href":"https:\/\/musiqaa.es\/en\/wp-json\/wp\/v2\/pages\/2531\/revisions"}],"predecessor-version":[{"id":2632,"href":"https:\/\/musiqaa.es\/en\/wp-json\/wp\/v2\/pages\/2531\/revisions\/2632"}],"wp:featuredmedia":[{"embeddable":true,"href":"https:\/\/musiqaa.es\/en\/wp-json\/wp\/v2\/media\/2634"}],"wp:attachment":[{"href":"https:\/\/musiqaa.es\/en\/wp-json\/wp\/v2\/media?parent=2531"}],"curies":[{"name":"wp","href":"https:\/\/api.w.org\/{rel}","templated":true}]}}