{"id":2474,"date":"2025-01-20T16:08:44","date_gmt":"2025-01-20T16:08:44","guid":{"rendered":"https:\/\/musiqaa.es\/?page_id=2474"},"modified":"2025-04-01T10:47:40","modified_gmt":"2025-04-01T10:47:40","slug":"direccion","status":"publish","type":"page","link":"https:\/\/musiqaa.es\/en\/direccion\/","title":{"rendered":"Direcci\u00f3n Coro"},"content":{"rendered":"<div class='flex_column av-c7zsxj-88fff9d99e150014e2abe684091cb570 av_one_full  avia-builder-el-0  el_before_av_one_full  avia-builder-el-first  first flex_column_div'     ><style type=\"text\/css\" data-created_by=\"avia_inline_auto\" id=\"style-css-av-m2c6xsdr-331eb76a39994e1105bf45c9cb4c426c\">\n#top .av_textblock_section.av-m2c6xsdr-331eb76a39994e1105bf45c9cb4c426c .avia_textblock{\nfont-size:19px;\ntext-align:center;\n}\n<\/style>\n<section  class='av_textblock_section av-m2c6xsdr-331eb76a39994e1105bf45c9cb4c426c'  itemscope=\"itemscope\" itemtype=\"https:\/\/schema.org\/CreativeWork\" ><div class='avia_textblock'  itemprop=\"text\" ><p style=\"text-align: center;\">El arte de la <b>conducting<\/b> es, probablemente, el m\u00e1s vol\u00e1til, subjetivo y en el que m\u00e1s cabe el intrusismo. El sonido es el \u00fanico juez que determina la excelencia. Por eso, la formaci\u00f3n de los futuros directores y directoras debe estar basada, por un lado, de una t\u00e9cnica absoluta al servicio de la partitura y sin la f\u00e1cil exposici\u00f3n a la plasticidad sin contenido.<\/p>\n<p style=\"text-align: center;\">Por ello, <b>| musiqaa |<\/b>, a trav\u00e9s de <b>CSM Galicia<\/b>, \u00a0fiel a su compromiso con la calidad, ofrece una formaci\u00f3n hol\u00edstica para todas las necesidades que los m\u00fasicos requieren de un verdadero director en el podio. Nuestro profesorado, garantiza dicha adquisici\u00f3n de conocimiento en una disciplina tan especial como es la <strong>direcci\u00f3n de coro<\/strong>.<\/p>\n<p style=\"text-align: center;\"><b>What does the test consist of?<\/b><\/p>\n<ul>\n<li style=\"text-align: left;\"><b>Part A:<\/b> in the interpretation of a program of up to twenty minutes, on the main instrument or voice (in the case of singing) composed of works of a difficulty appropriate to the level of access to these studies.<\/li>\n<li style=\"text-align: left;\"><b>Part B:<\/b> in the analysis of an orchestral or choral work at the proposal of the court.<\/li>\n<li style=\"text-align: left;\"><b>Part C:<\/b> in the sight-reading on the piano of a musical fragment chosen by the applicant from among two proposed by the court.<\/li>\n<li style=\"text-align: left;\"><b>Part D:<\/b> in the realization of a dictation for four voices, between eight and twelve measures in length.<\/li>\n<\/ul>\n<\/div><\/section><\/div>\n<div class='flex_column av-xz187-a35d7a94cc0b73abf396328e65658c3c av_one_full  avia-builder-el-2  el_after_av_one_full  el_before_av_heading  first flex_column_div column-top-margin'     ><\/div>\n\n<style type=\"text\/css\" data-created_by=\"avia_inline_auto\" id=\"style-css-av-m658ujfm-53dd18a3dc97ae61935b2ab2fdf053b1\">\n#top .av-special-heading.av-m658ujfm-53dd18a3dc97ae61935b2ab2fdf053b1{\npadding-bottom:10px;\n}\nbody .av-special-heading.av-m658ujfm-53dd18a3dc97ae61935b2ab2fdf053b1 .av-special-heading-tag .heading-char{\nfont-size:25px;\n}\n.av-special-heading.av-m658ujfm-53dd18a3dc97ae61935b2ab2fdf053b1 .av-subheading{\nfont-size:15px;\n}\n<\/style>\n<div  class='av-special-heading av-m658ujfm-53dd18a3dc97ae61935b2ab2fdf053b1 av-special-heading-h2 blockquote modern-quote modern-centered  avia-builder-el-3  el_after_av_one_full  el_before_av_one_full'><h2 class='av-special-heading-tag'  itemprop=\"headline\"  >David G\u00e1lvez Pintado<\/h2><div class='av-subheading av-subheading_below'><p>Profesor Navarra, Cuenca y Baleares<\/p>\n<\/div><div class=\"special-heading-border\"><div class=\"special-heading-inner-border\"><\/div><\/div><\/div>\n<div class='flex_column av-5dnpdz-020bd8ed31386af1c169331839a816db av_one_full  avia-builder-el-4  el_after_av_heading  el_before_av_one_half  first flex_column_div'     ><\/div>\n<div class='flex_column av-6c4pru-42a18ada063163fb7a9210669a73cb74 av_one_half  avia-builder-el-5  el_after_av_one_full  el_before_av_one_half  first flex_column_div column-top-margin'     ><section  class='avia-team-member av-m6590ivm-e3a7dfd5f61d83e634eb63cefeb3a6fb  avia-builder-el-6  avia-builder-el-no-sibling'  itemscope=\"itemscope\" itemtype=\"https:\/\/schema.org\/Person\" ><div class=\"team-img-container\"><img decoding=\"async\" class='wp-image-2571 avia-img-lazy-loading-not-2571 avia_image avia_image_team' src=\"https:\/\/musiqaa.es\/wp-content\/uploads\/2025\/02\/Coral-Alta-Resolucion-67-1.jpg\" alt='David G\u00e1lvez Pintado'  itemprop=\"image\"   height=\"1280\" width=\"1920\" srcset=\"https:\/\/musiqaa.es\/wp-content\/uploads\/2025\/02\/Coral-Alta-Resolucion-67-1.jpg 1920w, https:\/\/musiqaa.es\/wp-content\/uploads\/2025\/02\/Coral-Alta-Resolucion-67-1-300x200.jpg 300w, https:\/\/musiqaa.es\/wp-content\/uploads\/2025\/02\/Coral-Alta-Resolucion-67-1-1030x687.jpg 1030w, https:\/\/musiqaa.es\/wp-content\/uploads\/2025\/02\/Coral-Alta-Resolucion-67-1-768x512.jpg 768w, https:\/\/musiqaa.es\/wp-content\/uploads\/2025\/02\/Coral-Alta-Resolucion-67-1-1536x1024.jpg 1536w, https:\/\/musiqaa.es\/wp-content\/uploads\/2025\/02\/Coral-Alta-Resolucion-67-1-18x12.jpg 18w, https:\/\/musiqaa.es\/wp-content\/uploads\/2025\/02\/Coral-Alta-Resolucion-67-1-1500x1000.jpg 1500w, https:\/\/musiqaa.es\/wp-content\/uploads\/2025\/02\/Coral-Alta-Resolucion-67-1-705x470.jpg 705w\" sizes=\"(max-width: 1920px) 100vw, 1920px\" \/><\/div><h3 class='team-member-name'  itemprop=\"name\" >David G\u00e1lvez Pintado<\/h3><div class='team-member-job-title'  itemprop=\"jobTitle\" >profesor direccion coro<\/div><span class='hidden team-member-affiliation'  itemprop=\"affiliation\" >| musiqaa |<\/span><\/section><\/div>\n<div class='flex_column av-3pskyy-029ec7570f23a95b37f16e5902b94dce av_one_half  avia-builder-el-7  el_after_av_one_half  el_before_av_one_full  flex_column_div column-top-margin'     ><section  class='av_textblock_section av-m658zlyp-335e3fc8279d4dc8fd09d52fa64217b8'  itemscope=\"itemscope\" itemtype=\"https:\/\/schema.org\/CreativeWork\" ><div class='avia_textblock'  itemprop=\"text\" ><div class=\"page\" title=\"Page 1\">\n<div class=\"section\">\n<div class=\"layoutArea\">\n<div class=\"column\">\n<p><strong>David G\u00e1lvez Pintado <\/strong>nace en Valencia, donde finaliza con \u00e9xito sus estudios superiores de Solfeo, Piano, Direcci\u00f3n de Coro y Composici\u00f3n. M\u00e1s tarde se traslada a la <b>Liszt Ferenc Zeneakad\u00e9mia<\/b> de Budapest para diplomarse en las especialidades de Direcci\u00f3n de Coro, Orquesta y Composici\u00f3n.<\/p>\n<p>A lo largo de su carrera ha trabajado y trabaja junto prestigiosos int\u00e9rpretes, colegas y agrupaciones y es un reconocido maestro de coro, como atestiguan sus trabajos en diferentes producciones de \u00f3pera y conciertos sinf\u00f3nicos. Participa activamente de la actividad coral europea como jurado en cert\u00e1menes, profesor de direcci\u00f3n coral y director invitado en numerosos concursos, simposios y conferencias en todo el mundo.<\/p>\n<p>Actualmente es el director en art\u00edstico y musical de la <b>Coral de C\u00e1mara de Pamplona<\/b>.<\/p>\n<\/div>\n<\/div>\n<\/div>\n<\/div>\n<div class=\"page\" title=\"Page 1\">\n<div class=\"section\">\n<div class=\"layoutArea\">\n<div class=\"column\"><\/div>\n<\/div>\n<\/div>\n<\/div>\n<\/div><\/section><br \/>\n<div  class='avia-button-wrap av-m6591t5c-c7bec42e4becdefc8eca3f0211e33015-wrap avia-button-center  avia-builder-el-9  el_after_av_textblock  avia-builder-el-last' ><a href='' class='avia-button av-m6591t5c-c7bec42e4becdefc8eca3f0211e33015 avia-icon_select-no avia-size-small avia-position-center avia-color-theme-color' target=\"_blank\" rel=\"noopener noreferrer\"><span class='avia_iconbox_title' >bio completa<\/span><\/a><\/div><\/p><\/div>\n<div class='flex_column av-1ytzqy-3cb6d8e4f19f457dc7b10a62f4d965c1 av_one_full  avia-builder-el-10  el_after_av_one_half  el_before_av_heading  first flex_column_div column-top-margin'     ><\/div>\n\n<style type=\"text\/css\" data-created_by=\"avia_inline_auto\" id=\"style-css-av-m8r1yav6-5a26632e24cccdff794ee0bc58dac1b9\">\n#top .av-special-heading.av-m8r1yav6-5a26632e24cccdff794ee0bc58dac1b9{\npadding-bottom:10px;\n}\nbody .av-special-heading.av-m8r1yav6-5a26632e24cccdff794ee0bc58dac1b9 .av-special-heading-tag .heading-char{\nfont-size:25px;\n}\n.av-special-heading.av-m8r1yav6-5a26632e24cccdff794ee0bc58dac1b9 .av-subheading{\nfont-size:15px;\n}\n<\/style>\n<div  class='av-special-heading av-m8r1yav6-5a26632e24cccdff794ee0bc58dac1b9 av-special-heading-h2 blockquote modern-quote modern-centered  avia-builder-el-11  el_after_av_one_full  el_before_av_one_full'><h2 class='av-special-heading-tag'  itemprop=\"headline\"  >Juan F. Ballesteros<\/h2><div class=\"special-heading-border\"><div class=\"special-heading-inner-border\"><\/div><\/div><\/div>\n<div class='flex_column av-29nniy-41e413784cb708679118c7cbf0bcee99 av_one_full  avia-builder-el-12  el_after_av_heading  el_before_av_one_half  first flex_column_div'     ><\/div>\n<div class='flex_column av-9496kq-3d15d2caa2ec54429ea4d0f7ce68cbc8 av_one_half  avia-builder-el-13  el_after_av_one_full  el_before_av_one_half  first flex_column_div column-top-margin'     ><section  class='avia-team-member av-m8r1zeci-5985cdbea02f09dda689ab9215d4ebf6  avia-builder-el-14  avia-builder-el-no-sibling'  itemscope=\"itemscope\" itemtype=\"https:\/\/schema.org\/Person\" ><div class=\"team-img-container\"><img decoding=\"async\" class='wp-image-2028 avia-img-lazy-loading-not-2028 avia_image avia_image_team' src=\"https:\/\/musiqaa.es\/wp-content\/uploads\/2024\/11\/Proposta-Joan-Ballesteros-Fundacio-Orquestra-Julia-Carbonell.png\" alt='Juan F. Ballesteros'  itemprop=\"image\"   height=\"1080\" width=\"1920\" srcset=\"https:\/\/musiqaa.es\/wp-content\/uploads\/2024\/11\/Proposta-Joan-Ballesteros-Fundacio-Orquestra-Julia-Carbonell.png 1920w, https:\/\/musiqaa.es\/wp-content\/uploads\/2024\/11\/Proposta-Joan-Ballesteros-Fundacio-Orquestra-Julia-Carbonell-300x169.png 300w, https:\/\/musiqaa.es\/wp-content\/uploads\/2024\/11\/Proposta-Joan-Ballesteros-Fundacio-Orquestra-Julia-Carbonell-1030x579.png 1030w, https:\/\/musiqaa.es\/wp-content\/uploads\/2024\/11\/Proposta-Joan-Ballesteros-Fundacio-Orquestra-Julia-Carbonell-768x432.png 768w, https:\/\/musiqaa.es\/wp-content\/uploads\/2024\/11\/Proposta-Joan-Ballesteros-Fundacio-Orquestra-Julia-Carbonell-1536x864.png 1536w, https:\/\/musiqaa.es\/wp-content\/uploads\/2024\/11\/Proposta-Joan-Ballesteros-Fundacio-Orquestra-Julia-Carbonell-18x10.png 18w, https:\/\/musiqaa.es\/wp-content\/uploads\/2024\/11\/Proposta-Joan-Ballesteros-Fundacio-Orquestra-Julia-Carbonell-1500x844.png 1500w, https:\/\/musiqaa.es\/wp-content\/uploads\/2024\/11\/Proposta-Joan-Ballesteros-Fundacio-Orquestra-Julia-Carbonell-705x397.png 705w\" sizes=\"(max-width: 1920px) 100vw, 1920px\" \/><\/div><h3 class='team-member-name'  itemprop=\"name\" >Juan F. Ballesteros<\/h3><div class='team-member-job-title'  itemprop=\"jobTitle\" >Profesor Baleares<\/div><span class='hidden team-member-affiliation'  itemprop=\"affiliation\" >| musiqaa |<\/span><\/section><\/div>\n<div class='flex_column av-71qzxm-fc8d5e8c53eb1d587bc19e5eddc5443f av_one_half  avia-builder-el-15  el_after_av_one_half  el_before_av_one_full  flex_column_div column-top-margin'     ><section  class='av_textblock_section av-5zc3ze-ba5165207c54e3a986f79d4a4be4b81a'  itemscope=\"itemscope\" itemtype=\"https:\/\/schema.org\/CreativeWork\" ><div class='avia_textblock'  itemprop=\"text\" ><div class=\"page\" title=\"Page 1\">\n<div class=\"section\">\n<div class=\"layoutArea\">\n<div class=\"column\">\n<p><strong>Juan F. Ballesteros <\/strong>nace en Valencia, donde finaliza con \u00e9xito sus estudios superiores de Solfeo, Piano, Direcci\u00f3n de Coro y Direcci\u00f3n de Orquesta. M\u00e1s tarde se traslada Suecia e Italia a trabajar con profesores como Gary Graden (de quien fue asistente en S:t Jacobs Kammarkor de Estocolmo), Grete Pedersen, entre otros. Ha dirigido formaciones como J.O.N.D.E (Joven Orquesta Nacional de Espa\u00f1a), Banda Municipal de Barcelona, entre otras formaciones profesionales y <em>amateurs<\/em>.<\/p>\n<p>Ha desarrollado diferentes espacios de creaci\u00f3n y formaci\u00f3n alrededor de la direcci\u00f3n, tanto de orquesta como -principalmente- de coro, llevando por primera vez en nuestro pa\u00eds la formaci\u00f3n en direcci\u00f3n coral a la universidad en el I T\u00edtulo Especialista Universitario en Direcci\u00f3n Coral en la UIB (Universitat de les Illes Balears). Actualmente es director del Cor del Conservatorio de Felanitx (Mallorca), La vix de l&#8217;\u00e2me (Valencia) y gerente de la Jove Orquestra de les Illes Balears.<\/p>\n<p>Director de musiqaa, plataforma que gestiona estudios superiores de m\u00fasica a trav\u00e9s del Centro Superior de M\u00fasica de Galicia.<\/p>\n<\/div>\n<\/div>\n<\/div>\n<\/div>\n<div class=\"page\" title=\"Page 1\">\n<div class=\"section\">\n<div class=\"layoutArea\">\n<div class=\"column\"><\/div>\n<\/div>\n<\/div>\n<\/div>\n<\/div><\/section><\/div><div class='flex_column av-29znmi-9251f8afa24947f69bbddce77e4f8a34 av_one_full  avia-builder-el-17  el_after_av_one_half  el_before_av_button  first flex_column_div column-top-margin'     ><\/div><\/p>\n<div  class='avia-button-wrap av-m659bibh-31d73f2e44267777f0031f7b0d99e632-wrap avia-button-center  avia-builder-el-18  el_after_av_one_full  el_before_av_one_full' ><a href='https:\/\/musiqaa.es\/en\/formulario-de-informacion\/'  class='avia-button av-m659bibh-31d73f2e44267777f0031f7b0d99e632 avia-icon_select-no avia-size-small avia-position-center avia-color-theme-color'  target=\"_blank\"  rel=\"noopener noreferrer\"><span class='avia_iconbox_title' >deseo recibir m\u00e1s informaci\u00f3n<\/span><\/a><\/div>\n<div class='flex_column av-36fkdm-382b857de8d59a8349f364f1b5dad478 av_one_full  avia-builder-el-19  el_after_av_button  el_before_av_fullscreen  avia-builder-el-last  first flex_column_div'     ><\/div>\n<\/div><\/div><\/div><!-- close content main div --><\/div><\/div><div   class='avia-fullscreen-slider main_color   avia-builder-el-20  el_after_av_one_full  el_before_av_one_full  slider-not-first container_wrap fullsize'  ><div  class='avia-slideshow av-m6438w2o-42e5b51a592a65e2c1ed62abda13c891 avia-slideshow-extra_large av_fullscreen avia-slide-slider av-slideshow-ui av-control-default av-slideshow-manual av-loop-once av-loop-manual-endless av-default-height-applied   avia-slideshow-1' data-slideshow-options=\"{&quot;animation&quot;:&quot;slide&quot;,&quot;autoplay&quot;:false,&quot;loop_autoplay&quot;:&quot;once&quot;,&quot;interval&quot;:5,&quot;loop_manual&quot;:&quot;manual-endless&quot;,&quot;autoplay_stopper&quot;:false,&quot;noNavigation&quot;:false,&quot;bg_slider&quot;:true,&quot;keep_padding&quot;:false,&quot;hoverpause&quot;:false,&quot;show_slide_delay&quot;:0,&quot;slide_height&quot;:&quot;100&quot;,&quot;image_attachment&quot;:&quot;&quot;}\"  itemprop=\"image\" itemscope=\"itemscope\" itemtype=\"https:\/\/schema.org\/ImageObject\" ><ul class='avia-slideshow-inner' style='padding-bottom: 56.222547584187%;'><li style='background-position:center center;' data-img-url='https:\/\/musiqaa.es\/wp-content\/uploads\/2024\/10\/elige-tu-futuro-3.png' class='avia-slideshow-slide av-m6438w2o-42e5b51a592a65e2c1ed62abda13c891__0  av-single-slide slide-1 slide-odd'><div data-rel='slideshow-1' class='avia-slide-wrap'   ><\/div><\/li><\/ul><\/div><\/div><div id='after_full_slider_1'  class='main_color av_default_container_wrap container_wrap fullsize'  ><div class='container av-section-cont-open' ><div class='template-page content  av-content-full alpha units'><div class='post-entry post-entry-type-page post-entry-2474'><div class='entry-content-wrapper clearfix'>\n<div class='flex_column av-4w37br-3a9a41640571144767bd6534e9236770 av_one_full  avia-builder-el-21  el_after_av_fullscreen  avia-builder-el-no-sibling  first flex_column_div'     ><\/div>","protected":false},"excerpt":{"rendered":"","protected":false},"author":2,"featured_media":2553,"parent":0,"menu_order":0,"comment_status":"closed","ping_status":"closed","template":"","meta":{"footnotes":""},"class_list":["post-2474","page","type-page","status-publish","has-post-thumbnail","hentry"],"yoast_head":"<!-- This site is optimized with the Yoast SEO plugin v23.7 - https:\/\/yoast.com\/wordpress\/plugins\/seo\/ -->\n<title>Direcci\u00f3n Coro - | musiqaa |<\/title>\n<meta name=\"robots\" content=\"index, follow, max-snippet:-1, max-image-preview:large, max-video-preview:-1\" \/>\n<link rel=\"canonical\" href=\"https:\/\/musiqaa.es\/en\/direccion\/\" \/>\n<meta property=\"og:locale\" content=\"en_GB\" \/>\n<meta property=\"og:type\" content=\"article\" \/>\n<meta property=\"og:title\" content=\"Direcci\u00f3n Coro - | musiqaa |\" \/>\n<meta property=\"og:url\" content=\"https:\/\/musiqaa.es\/en\/direccion\/\" \/>\n<meta property=\"og:site_name\" content=\"| musiqaa |\" \/>\n<meta property=\"article:modified_time\" content=\"2025-04-01T10:47:40+00:00\" \/>\n<meta property=\"og:image\" content=\"https:\/\/musiqaa.es\/wp-content\/uploads\/2025\/01\/Diseno-sin-titulo-2-1.jpg\" \/>\n\t<meta property=\"og:image:width\" content=\"1920\" \/>\n\t<meta property=\"og:image:height\" content=\"1080\" \/>\n\t<meta property=\"og:image:type\" content=\"image\/jpeg\" \/>\n<meta name=\"twitter:card\" content=\"summary_large_image\" \/>\n<meta name=\"twitter:label1\" content=\"Estimated reading time\" \/>\n\t<meta name=\"twitter:data1\" content=\"10 minutes\" \/>\n<script type=\"application\/ld+json\" class=\"yoast-schema-graph\">{\"@context\":\"https:\/\/schema.org\",\"@graph\":[{\"@type\":\"WebPage\",\"@id\":\"https:\/\/musiqaa.es\/direccion\/\",\"url\":\"https:\/\/musiqaa.es\/direccion\/\",\"name\":\"Direcci\u00f3n Coro - | musiqaa |\",\"isPartOf\":{\"@id\":\"https:\/\/musiqaa.es\/#website\"},\"primaryImageOfPage\":{\"@id\":\"https:\/\/musiqaa.es\/direccion\/#primaryimage\"},\"image\":{\"@id\":\"https:\/\/musiqaa.es\/direccion\/#primaryimage\"},\"thumbnailUrl\":\"https:\/\/musiqaa.es\/wp-content\/uploads\/2025\/01\/Diseno-sin-titulo-2-1.jpg\",\"datePublished\":\"2025-01-20T16:08:44+00:00\",\"dateModified\":\"2025-04-01T10:47:40+00:00\",\"breadcrumb\":{\"@id\":\"https:\/\/musiqaa.es\/direccion\/#breadcrumb\"},\"inLanguage\":\"en-GB\",\"potentialAction\":[{\"@type\":\"ReadAction\",\"target\":[\"https:\/\/musiqaa.es\/direccion\/\"]}]},{\"@type\":\"ImageObject\",\"inLanguage\":\"en-GB\",\"@id\":\"https:\/\/musiqaa.es\/direccion\/#primaryimage\",\"url\":\"https:\/\/musiqaa.es\/wp-content\/uploads\/2025\/01\/Diseno-sin-titulo-2-1.jpg\",\"contentUrl\":\"https:\/\/musiqaa.es\/wp-content\/uploads\/2025\/01\/Diseno-sin-titulo-2-1.jpg\",\"width\":1920,\"height\":1080},{\"@type\":\"BreadcrumbList\",\"@id\":\"https:\/\/musiqaa.es\/direccion\/#breadcrumb\",\"itemListElement\":[{\"@type\":\"ListItem\",\"position\":1,\"name\":\"Portada\",\"item\":\"https:\/\/musiqaa.es\/\"},{\"@type\":\"ListItem\",\"position\":2,\"name\":\"Direcci\u00f3n Coro\"}]},{\"@type\":\"WebSite\",\"@id\":\"https:\/\/musiqaa.es\/#website\",\"url\":\"https:\/\/musiqaa.es\/\",\"name\":\"| musiqaa |\",\"description\":\"\",\"potentialAction\":[{\"@type\":\"SearchAction\",\"target\":{\"@type\":\"EntryPoint\",\"urlTemplate\":\"https:\/\/musiqaa.es\/?s={search_term_string}\"},\"query-input\":{\"@type\":\"PropertyValueSpecification\",\"valueRequired\":true,\"valueName\":\"search_term_string\"}}],\"inLanguage\":\"en-GB\"}]}<\/script>\n<!-- \/ Yoast SEO plugin. -->","yoast_head_json":{"title":"Direcci\u00f3n Coro - | musiqaa |","robots":{"index":"index","follow":"follow","max-snippet":"max-snippet:-1","max-image-preview":"max-image-preview:large","max-video-preview":"max-video-preview:-1"},"canonical":"https:\/\/musiqaa.es\/en\/direccion\/","og_locale":"en_GB","og_type":"article","og_title":"Direcci\u00f3n Coro - | musiqaa |","og_url":"https:\/\/musiqaa.es\/en\/direccion\/","og_site_name":"| musiqaa |","article_modified_time":"2025-04-01T10:47:40+00:00","og_image":[{"width":1920,"height":1080,"url":"https:\/\/musiqaa.es\/wp-content\/uploads\/2025\/01\/Diseno-sin-titulo-2-1.jpg","type":"image\/jpeg"}],"twitter_card":"summary_large_image","twitter_misc":{"Estimated reading time":"10 minutes"},"schema":{"@context":"https:\/\/schema.org","@graph":[{"@type":"WebPage","@id":"https:\/\/musiqaa.es\/direccion\/","url":"https:\/\/musiqaa.es\/direccion\/","name":"Direcci\u00f3n Coro - | musiqaa |","isPartOf":{"@id":"https:\/\/musiqaa.es\/#website"},"primaryImageOfPage":{"@id":"https:\/\/musiqaa.es\/direccion\/#primaryimage"},"image":{"@id":"https:\/\/musiqaa.es\/direccion\/#primaryimage"},"thumbnailUrl":"https:\/\/musiqaa.es\/wp-content\/uploads\/2025\/01\/Diseno-sin-titulo-2-1.jpg","datePublished":"2025-01-20T16:08:44+00:00","dateModified":"2025-04-01T10:47:40+00:00","breadcrumb":{"@id":"https:\/\/musiqaa.es\/direccion\/#breadcrumb"},"inLanguage":"en-GB","potentialAction":[{"@type":"ReadAction","target":["https:\/\/musiqaa.es\/direccion\/"]}]},{"@type":"ImageObject","inLanguage":"en-GB","@id":"https:\/\/musiqaa.es\/direccion\/#primaryimage","url":"https:\/\/musiqaa.es\/wp-content\/uploads\/2025\/01\/Diseno-sin-titulo-2-1.jpg","contentUrl":"https:\/\/musiqaa.es\/wp-content\/uploads\/2025\/01\/Diseno-sin-titulo-2-1.jpg","width":1920,"height":1080},{"@type":"BreadcrumbList","@id":"https:\/\/musiqaa.es\/direccion\/#breadcrumb","itemListElement":[{"@type":"ListItem","position":1,"name":"Portada","item":"https:\/\/musiqaa.es\/"},{"@type":"ListItem","position":2,"name":"Direcci\u00f3n Coro"}]},{"@type":"WebSite","@id":"https:\/\/musiqaa.es\/#website","url":"https:\/\/musiqaa.es\/","name":"| musiqaa |","description":"","potentialAction":[{"@type":"SearchAction","target":{"@type":"EntryPoint","urlTemplate":"https:\/\/musiqaa.es\/?s={search_term_string}"},"query-input":{"@type":"PropertyValueSpecification","valueRequired":true,"valueName":"search_term_string"}}],"inLanguage":"en-GB"}]}},"_links":{"self":[{"href":"https:\/\/musiqaa.es\/en\/wp-json\/wp\/v2\/pages\/2474","targetHints":{"allow":["GET"]}}],"collection":[{"href":"https:\/\/musiqaa.es\/en\/wp-json\/wp\/v2\/pages"}],"about":[{"href":"https:\/\/musiqaa.es\/en\/wp-json\/wp\/v2\/types\/page"}],"author":[{"embeddable":true,"href":"https:\/\/musiqaa.es\/en\/wp-json\/wp\/v2\/users\/2"}],"replies":[{"embeddable":true,"href":"https:\/\/musiqaa.es\/en\/wp-json\/wp\/v2\/comments?post=2474"}],"version-history":[{"count":24,"href":"https:\/\/musiqaa.es\/en\/wp-json\/wp\/v2\/pages\/2474\/revisions"}],"predecessor-version":[{"id":2800,"href":"https:\/\/musiqaa.es\/en\/wp-json\/wp\/v2\/pages\/2474\/revisions\/2800"}],"wp:featuredmedia":[{"embeddable":true,"href":"https:\/\/musiqaa.es\/en\/wp-json\/wp\/v2\/media\/2553"}],"wp:attachment":[{"href":"https:\/\/musiqaa.es\/en\/wp-json\/wp\/v2\/media?parent=2474"}],"curies":[{"name":"wp","href":"https:\/\/api.w.org\/{rel}","templated":true}]}}