{"id":1879,"date":"2024-10-16T18:13:50","date_gmt":"2024-10-16T18:13:50","guid":{"rendered":"https:\/\/musiqaa.es\/?page_id=1879"},"modified":"2025-01-20T16:27:55","modified_gmt":"2025-01-20T16:27:55","slug":"interpretacion","status":"publish","type":"page","link":"https:\/\/musiqaa.es\/en\/interpretacion\/","title":{"rendered":"Interpretaci\u00f3n instrumental"},"content":{"rendered":"<div class='flex_column av-c7zsxj-88fff9d99e150014e2abe684091cb570 av_one_full  avia-builder-el-0  el_before_av_one_full  avia-builder-el-first  first flex_column_div'     ><style type=\"text\/css\" data-created_by=\"avia_inline_auto\" id=\"style-css-av-m2c6xsdr-331eb76a39994e1105bf45c9cb4c426c\">\n#top .av_textblock_section.av-m2c6xsdr-331eb76a39994e1105bf45c9cb4c426c .avia_textblock{\nfont-size:19px;\ntext-align:center;\n}\n<\/style>\n<section  class='av_textblock_section av-m2c6xsdr-331eb76a39994e1105bf45c9cb4c426c'  itemscope=\"itemscope\" itemtype=\"https:\/\/schema.org\/CreativeWork\" ><div class='avia_textblock'  itemprop=\"text\" ><p style=\"text-align: center;\">Playing an instrument is increasingly demanding, while the qualities of the <b>interpreters<\/b> es cada vez mayor o, al menos, cuenta con m\u00e1s capacidad de competencia. Contamos con profesorado elegido. Nuestros colaboradores est\u00e1n seleccionados en funci\u00f3n de las necesidades espec\u00edficas de nuestro alumnado. El valor a\u00f1adido de poder contar con un profesor o profesora espec\u00edfico reside en la excelencia avalada por una trayectoria docente y art\u00edstica internacional. Para un crecimiento \u00f3ptimo de nuestros alumnos y alumnas, un profesorado de primer nivel.<b> | musiqaa |<\/b>, a trav\u00e9s de <b>CSM Galicia<\/b>,\u00a0est\u00e1 comprometida solamente con la m\u00e1xima calidad.<\/p>\n<p style=\"text-align: center;\"><b>What does the test consist of?<\/b><br \/>\n(excepto itinerario de jazz)<\/p>\n<ul>\n<li style=\"text-align: left;\"><b>Part A:<\/b> en la interpretaci\u00f3n de un programa de hasta treinta minutos, integrado por obras y\/o estudios de una dificultad adecuada al nivel de acceso a estos estudios.<\/li>\n<li style=\"text-align: left;\"><b>Part B:<\/b> en el an\u00e1lisis de una obra o fragmento musical propuesto por el tribunal.<\/li>\n<li style=\"text-align: left;\"><b>Part C:<\/b> en la lectura a primera vista.<\/li>\n<\/ul>\n<p style=\"text-align: center;\">(itinerario de jazz)<\/p>\n<ul>\n<li style=\"text-align: left;\"><b>Part A:<\/b> en la interpretaci\u00f3n de un programa, ser\u00e1 requisito indispensable que el\/la aspirante improvise en cada una de ellas. El repertorio a interpretar en la parte A de la prueba de acceso constar\u00e1 de cinco temas enmarcados dentro del repertorio est\u00e1ndar de jazz, mostrando entre ellos variedad formal, estil\u00edstica y en la elecci\u00f3n de los tempos de ejecuci\u00f3n.<\/li>\n<li style=\"text-align: left;\"><b>Part B:<\/b> en la an\u00e1lisis de una obra o fragmento musical a propuesta del tribunal, a\u00f1adiendo contenidos propios del an\u00e1lisis de jazz.<\/li>\n<li style=\"text-align: left;\"><b>Part C:<\/b> en la lectura e improvisaci\u00f3n a primera vista de una obra o fragmento de jazz.<\/li>\n<\/ul>\n<\/div><\/section><\/div>\n<div class='flex_column av-av_one_full-a961ec8c42a44a397321d1a2224da3ca av_one_full  avia-builder-el-2  el_after_av_one_full  el_before_av_fullscreen  avia-builder-el-last  first flex_column_div column-top-margin'     ><\/div>\n<\/div><\/div><\/div><!-- close content main div --><\/div><\/div><div   class='avia-fullscreen-slider main_color   avia-builder-el-3  el_after_av_one_full  el_before_av_one_full  slider-not-first container_wrap fullsize'  ><div  class='avia-slideshow av-m6438w2o-42e5b51a592a65e2c1ed62abda13c891 avia-slideshow-extra_large av_fullscreen avia-slide-slider av-slideshow-ui av-control-default av-slideshow-manual av-loop-once av-loop-manual-endless av-default-height-applied   avia-slideshow-1' data-slideshow-options=\"{&quot;animation&quot;:&quot;slide&quot;,&quot;autoplay&quot;:false,&quot;loop_autoplay&quot;:&quot;once&quot;,&quot;interval&quot;:5,&quot;loop_manual&quot;:&quot;manual-endless&quot;,&quot;autoplay_stopper&quot;:false,&quot;noNavigation&quot;:false,&quot;bg_slider&quot;:true,&quot;keep_padding&quot;:false,&quot;hoverpause&quot;:false,&quot;show_slide_delay&quot;:0,&quot;slide_height&quot;:&quot;100&quot;,&quot;image_attachment&quot;:&quot;&quot;}\"  itemprop=\"image\" itemscope=\"itemscope\" itemtype=\"https:\/\/schema.org\/ImageObject\" ><ul class='avia-slideshow-inner' style='padding-bottom: 56.222547584187%;'><li style='background-position:center center;' data-img-url='https:\/\/musiqaa.es\/wp-content\/uploads\/2024\/10\/elige-tu-futuro-3.png' class='avia-slideshow-slide av-m6438w2o-42e5b51a592a65e2c1ed62abda13c891__0  av-single-slide slide-1 slide-odd'><div data-rel='slideshow-1' class='avia-slide-wrap'   ><\/div><\/li><\/ul><\/div><\/div><div id='after_full_slider_1'  class='main_color av_default_container_wrap container_wrap fullsize'  ><div class='container av-section-cont-open' ><div class='template-page content  av-content-full alpha units'><div class='post-entry post-entry-type-page post-entry-1879'><div class='entry-content-wrapper clearfix'>\n<div class='flex_column av-av_one_full-a961ec8c42a44a397321d1a2224da3ca av_one_full  avia-builder-el-4  el_after_av_fullscreen  el_before_av_button  avia-builder-el-first  first flex_column_div'     ><\/div>\n<div  class='avia-button-wrap av-m2c6wycg-0ed5f0822f233f09633464f873dd686b-wrap avia-button-center  avia-builder-el-5  el_after_av_one_full  el_before_av_one_full' ><a href='https:\/\/musiqaa.es\/en\/'  class='avia-button av-m2c6wycg-0ed5f0822f233f09633464f873dd686b avia-icon_select-no avia-size-small avia-position-center avia-color-theme-color-subtle' ><span class='avia_iconbox_title' >back<\/span><\/a><\/div>\n<div class='flex_column av-av_one_full-a961ec8c42a44a397321d1a2224da3ca av_one_full  avia-builder-el-6  el_after_av_button  el_before_av_one_full  first flex_column_div'     ><\/div>\n<div class='flex_column av-av_one_full-a961ec8c42a44a397321d1a2224da3ca av_one_full  avia-builder-el-7  el_after_av_one_full  avia-builder-el-last  first flex_column_div column-top-margin'     ><\/div>","protected":false},"excerpt":{"rendered":"","protected":false},"author":2,"featured_media":1869,"parent":0,"menu_order":0,"comment_status":"closed","ping_status":"closed","template":"","meta":{"footnotes":""},"class_list":["post-1879","page","type-page","status-publish","has-post-thumbnail","hentry"],"yoast_head":"<!-- This site is optimized with the Yoast SEO plugin v23.7 - https:\/\/yoast.com\/wordpress\/plugins\/seo\/ -->\n<title>Interpretaci\u00f3n instrumental - | musiqaa |<\/title>\n<meta name=\"robots\" content=\"index, follow, max-snippet:-1, max-image-preview:large, max-video-preview:-1\" \/>\n<link rel=\"canonical\" href=\"https:\/\/musiqaa.es\/en\/interpretacion\/\" \/>\n<meta property=\"og:locale\" content=\"en_GB\" \/>\n<meta property=\"og:type\" content=\"article\" \/>\n<meta property=\"og:title\" content=\"Interpretaci\u00f3n instrumental - | musiqaa |\" \/>\n<meta property=\"og:url\" content=\"https:\/\/musiqaa.es\/en\/interpretacion\/\" \/>\n<meta property=\"og:site_name\" content=\"| musiqaa |\" \/>\n<meta property=\"article:modified_time\" content=\"2025-01-20T16:27:55+00:00\" \/>\n<meta property=\"og:image\" content=\"https:\/\/musiqaa.es\/wp-content\/uploads\/2024\/10\/3-1030x515.png\" \/>\n\t<meta property=\"og:image:width\" content=\"1030\" \/>\n\t<meta property=\"og:image:height\" content=\"515\" \/>\n\t<meta property=\"og:image:type\" content=\"image\/png\" \/>\n<meta name=\"twitter:card\" content=\"summary_large_image\" \/>\n<meta name=\"twitter:label1\" content=\"Estimated reading time\" \/>\n\t<meta name=\"twitter:data1\" content=\"4 minutes\" \/>\n<script type=\"application\/ld+json\" class=\"yoast-schema-graph\">{\"@context\":\"https:\/\/schema.org\",\"@graph\":[{\"@type\":\"WebPage\",\"@id\":\"https:\/\/musiqaa.es\/interpretacion\/\",\"url\":\"https:\/\/musiqaa.es\/interpretacion\/\",\"name\":\"Interpretaci\u00f3n instrumental - | musiqaa |\",\"isPartOf\":{\"@id\":\"https:\/\/musiqaa.es\/#website\"},\"primaryImageOfPage\":{\"@id\":\"https:\/\/musiqaa.es\/interpretacion\/#primaryimage\"},\"image\":{\"@id\":\"https:\/\/musiqaa.es\/interpretacion\/#primaryimage\"},\"thumbnailUrl\":\"https:\/\/musiqaa.es\/wp-content\/uploads\/2024\/10\/3.png\",\"datePublished\":\"2024-10-16T18:13:50+00:00\",\"dateModified\":\"2025-01-20T16:27:55+00:00\",\"breadcrumb\":{\"@id\":\"https:\/\/musiqaa.es\/interpretacion\/#breadcrumb\"},\"inLanguage\":\"en-GB\",\"potentialAction\":[{\"@type\":\"ReadAction\",\"target\":[\"https:\/\/musiqaa.es\/interpretacion\/\"]}]},{\"@type\":\"ImageObject\",\"inLanguage\":\"en-GB\",\"@id\":\"https:\/\/musiqaa.es\/interpretacion\/#primaryimage\",\"url\":\"https:\/\/musiqaa.es\/wp-content\/uploads\/2024\/10\/3.png\",\"contentUrl\":\"https:\/\/musiqaa.es\/wp-content\/uploads\/2024\/10\/3.png\",\"width\":6912,\"height\":3456},{\"@type\":\"BreadcrumbList\",\"@id\":\"https:\/\/musiqaa.es\/interpretacion\/#breadcrumb\",\"itemListElement\":[{\"@type\":\"ListItem\",\"position\":1,\"name\":\"Portada\",\"item\":\"https:\/\/musiqaa.es\/\"},{\"@type\":\"ListItem\",\"position\":2,\"name\":\"Interpretaci\u00f3n instrumental\"}]},{\"@type\":\"WebSite\",\"@id\":\"https:\/\/musiqaa.es\/#website\",\"url\":\"https:\/\/musiqaa.es\/\",\"name\":\"| musiqaa |\",\"description\":\"\",\"potentialAction\":[{\"@type\":\"SearchAction\",\"target\":{\"@type\":\"EntryPoint\",\"urlTemplate\":\"https:\/\/musiqaa.es\/?s={search_term_string}\"},\"query-input\":{\"@type\":\"PropertyValueSpecification\",\"valueRequired\":true,\"valueName\":\"search_term_string\"}}],\"inLanguage\":\"en-GB\"}]}<\/script>\n<!-- \/ Yoast SEO plugin. -->","yoast_head_json":{"title":"Interpretaci\u00f3n instrumental - | musiqaa |","robots":{"index":"index","follow":"follow","max-snippet":"max-snippet:-1","max-image-preview":"max-image-preview:large","max-video-preview":"max-video-preview:-1"},"canonical":"https:\/\/musiqaa.es\/en\/interpretacion\/","og_locale":"en_GB","og_type":"article","og_title":"Interpretaci\u00f3n instrumental - | musiqaa |","og_url":"https:\/\/musiqaa.es\/en\/interpretacion\/","og_site_name":"| musiqaa |","article_modified_time":"2025-01-20T16:27:55+00:00","og_image":[{"width":1030,"height":515,"url":"https:\/\/musiqaa.es\/wp-content\/uploads\/2024\/10\/3-1030x515.png","type":"image\/png"}],"twitter_card":"summary_large_image","twitter_misc":{"Estimated reading time":"4 minutes"},"schema":{"@context":"https:\/\/schema.org","@graph":[{"@type":"WebPage","@id":"https:\/\/musiqaa.es\/interpretacion\/","url":"https:\/\/musiqaa.es\/interpretacion\/","name":"Interpretaci\u00f3n instrumental - | musiqaa |","isPartOf":{"@id":"https:\/\/musiqaa.es\/#website"},"primaryImageOfPage":{"@id":"https:\/\/musiqaa.es\/interpretacion\/#primaryimage"},"image":{"@id":"https:\/\/musiqaa.es\/interpretacion\/#primaryimage"},"thumbnailUrl":"https:\/\/musiqaa.es\/wp-content\/uploads\/2024\/10\/3.png","datePublished":"2024-10-16T18:13:50+00:00","dateModified":"2025-01-20T16:27:55+00:00","breadcrumb":{"@id":"https:\/\/musiqaa.es\/interpretacion\/#breadcrumb"},"inLanguage":"en-GB","potentialAction":[{"@type":"ReadAction","target":["https:\/\/musiqaa.es\/interpretacion\/"]}]},{"@type":"ImageObject","inLanguage":"en-GB","@id":"https:\/\/musiqaa.es\/interpretacion\/#primaryimage","url":"https:\/\/musiqaa.es\/wp-content\/uploads\/2024\/10\/3.png","contentUrl":"https:\/\/musiqaa.es\/wp-content\/uploads\/2024\/10\/3.png","width":6912,"height":3456},{"@type":"BreadcrumbList","@id":"https:\/\/musiqaa.es\/interpretacion\/#breadcrumb","itemListElement":[{"@type":"ListItem","position":1,"name":"Portada","item":"https:\/\/musiqaa.es\/"},{"@type":"ListItem","position":2,"name":"Interpretaci\u00f3n instrumental"}]},{"@type":"WebSite","@id":"https:\/\/musiqaa.es\/#website","url":"https:\/\/musiqaa.es\/","name":"| musiqaa |","description":"","potentialAction":[{"@type":"SearchAction","target":{"@type":"EntryPoint","urlTemplate":"https:\/\/musiqaa.es\/?s={search_term_string}"},"query-input":{"@type":"PropertyValueSpecification","valueRequired":true,"valueName":"search_term_string"}}],"inLanguage":"en-GB"}]}},"_links":{"self":[{"href":"https:\/\/musiqaa.es\/en\/wp-json\/wp\/v2\/pages\/1879","targetHints":{"allow":["GET"]}}],"collection":[{"href":"https:\/\/musiqaa.es\/en\/wp-json\/wp\/v2\/pages"}],"about":[{"href":"https:\/\/musiqaa.es\/en\/wp-json\/wp\/v2\/types\/page"}],"author":[{"embeddable":true,"href":"https:\/\/musiqaa.es\/en\/wp-json\/wp\/v2\/users\/2"}],"replies":[{"embeddable":true,"href":"https:\/\/musiqaa.es\/en\/wp-json\/wp\/v2\/comments?post=1879"}],"version-history":[{"count":20,"href":"https:\/\/musiqaa.es\/en\/wp-json\/wp\/v2\/pages\/1879\/revisions"}],"predecessor-version":[{"id":2502,"href":"https:\/\/musiqaa.es\/en\/wp-json\/wp\/v2\/pages\/1879\/revisions\/2502"}],"wp:featuredmedia":[{"embeddable":true,"href":"https:\/\/musiqaa.es\/en\/wp-json\/wp\/v2\/media\/1869"}],"wp:attachment":[{"href":"https:\/\/musiqaa.es\/en\/wp-json\/wp\/v2\/media?parent=1879"}],"curies":[{"name":"wp","href":"https:\/\/api.w.org\/{rel}","templated":true}]}}